{"id":68,"date":"2026-03-26T10:29:48","date_gmt":"2026-03-26T09:29:48","guid":{"rendered":"https:\/\/www.lurionmallorca.com\/?page_id=68"},"modified":"2026-03-26T12:34:59","modified_gmt":"2026-03-26T11:34:59","slug":"contacto","status":"publish","type":"page","link":"https:\/\/www.lurionmallorca.com\/es\/contacto\/","title":{"rendered":"Contacto"},"content":{"rendered":"\t\t<div data-elementor-type=\"wp-page\" data-elementor-id=\"68\" class=\"elementor elementor-68\" data-elementor-post-type=\"page\">\n\t\t\t\t<div class=\"elementor-element elementor-element-f868b9c e-flex e-con-boxed e-con e-parent\" data-id=\"f868b9c\" data-element_type=\"container\" data-e-type=\"container\">\n\t\t\t\t\t<div class=\"e-con-inner\">\n\t\t\t\t<div class=\"elementor-element elementor-element-624035e elementor-widget elementor-widget-rw-page-hero\" data-id=\"624035e\" data-element_type=\"widget\" data-e-type=\"widget\" data-widget_type=\"rw-page-hero.default\">\n\t\t\t\t<div class=\"elementor-widget-container\">\n\t\t\t\t\t\t\t<section class=\"page-hero\" aria-labelledby=\"page-hero-title\">\n\n\t\t\t\t\t\t<div class=\"page-hero__bg\" aria-hidden=\"true\" style=\"background-image: url('https:\/\/www.lurionmallorca.com\/wp-content\/uploads\/2026\/03\/contacto.png')\"><\/div>\n\t\t\t\n\t\t\t<div class=\"page-hero__grad\" aria-hidden=\"true\"><\/div>\n\n\t\t\t<div class=\"page-hero__content\">\n\n\t\t\t\t\t\t\t\t<span class=\"badge\">\n\t\t\t\t\t<svg class=\"badge__dot\" width=\"6\" height=\"6\" viewBox=\"0 0 6 6\"><circle cx=\"3\" cy=\"3\" r=\"3\" fill=\"#C7AE63\"\/><\/svg>\n\t\t\t\t\tCONTACTO\t\t\t\t<\/span>\n\t\t\t\t\n\t\t\t\t<h1 class=\"page-hero__title\" id=\"page-hero-title\">\n\t\t\t\t\tRESERVA TU EXPERIENCIA\u2028CON NOSOTROS\t\t\t\t<\/h1>\n\n\t\t\t\t\t\t\t\t<p class=\"page-hero__desc\">Nuestro equipo est\u00e1 listo para ayudarte a organizar experiencias exclusivas por mar, aire y tierra. Cont\u00e1ctanos y dise\u00f1aremos una propuesta personalizada para descubrir Mallorca de una forma \u00fanica.<\/p>\n\t\t\t\t\n\t\t\t<\/div>\n\n\t\t<\/section>\n\t\t\t\t\t\t<\/div>\n\t\t\t\t<\/div>\n\t\t\t\t\t<\/div>\n\t\t\t\t<\/div>\n\t\t<div class=\"elementor-element elementor-element-1001366 e-flex e-con-boxed e-con e-parent\" data-id=\"1001366\" data-element_type=\"container\" data-e-type=\"container\">\n\t\t\t\t\t<div class=\"e-con-inner\">\n\t\t\t\t<div class=\"elementor-element elementor-element-bbe59a4 elementor-widget elementor-widget-rw-contact-section\" data-id=\"bbe59a4\" data-element_type=\"widget\" data-e-type=\"widget\" data-widget_type=\"rw-contact-section.default\">\n\t\t\t\t<div class=\"elementor-widget-container\">\n\t\t\t\t\t\t\t<section class=\"contact-section\">\n\t\t\t<div class=\"contact-section__inner\">\n\n\t\t\t\t<!-- Columna izquierda: info + horario -->\n\t\t\t\t<div class=\"contact-section__left\">\n\n\t\t\t\t\t<!-- Bloque: informaci\u00f3n de contacto -->\n\t\t\t\t\t<div class=\"contact-section__block\">\n\t\t\t\t\t\t\t\t\t\t\t\t<h3 class=\"contact-section__block-title\">Informaci\u00f3n de contacto<\/h3>\n\t\t\t\t\t\t\n\t\t\t\t\t\t<ul class=\"contact-section__contact-list\">\n\t\t\t\t\t\t\t\t\t\t\t\t\t\t<li class=\"contact-section__contact-item\">\n\t\t\t\t\t\t\t\t\t\t\t\t\t\t\t\t<img decoding=\"async\" class=\"contact-section__contact-icon\" src=\"https:\/\/www.lurionmallorca.com\/wp-content\/uploads\/2026\/03\/phone.svg\" alt=\"\" aria-hidden=\"true\" loading=\"lazy\">\n\t\t\t\t\t\t\t\t\t\t\t\t\t\t\t\t<a href=\"tel:+34234567890\" class=\"contact-section__contact-value\">\n\t\t\t\t\t\t\t\t\t+34 234 567 890\t\t\t\t\t\t\t\t<\/a>\n\t\t\t\t\t\t\t<\/li>\n\t\t\t\t\t\t\t\n\t\t\t\t\t\t\t\t\t\t\t\t\t\t<li class=\"contact-section__contact-item\">\n\t\t\t\t\t\t\t\t\t\t\t\t\t\t\t\t<img decoding=\"async\" class=\"contact-section__contact-icon\" src=\"https:\/\/www.lurionmallorca.com\/wp-content\/uploads\/2026\/03\/mail.svg\" alt=\"\" aria-hidden=\"true\" loading=\"lazy\">\n\t\t\t\t\t\t\t\t\t\t\t\t\t\t\t\t<a href=\"mailto:contact@lurion.com\" class=\"contact-section__contact-value\">\n\t\t\t\t\t\t\t\t\tcontact@lurion.com\t\t\t\t\t\t\t\t<\/a>\n\t\t\t\t\t\t\t<\/li>\n\t\t\t\t\t\t\t\t\t\t\t\t\t<\/ul>\n\t\t\t\t\t<\/div>\n\n\t\t\t\t\t<div class=\"contact-section__divider\" aria-hidden=\"true\"><\/div>\n\n\t\t\t\t\t<!-- Bloque: horario -->\n\t\t\t\t\t\t\t\t\t\t<div class=\"contact-section__block\">\n\t\t\t\t\t\t\t\t\t\t\t\t<h3 class=\"contact-section__block-title\">Horario de atenci\u00f3n<\/h3>\n\t\t\t\t\t\t\n\t\t\t\t\t\t<ul class=\"contact-section__hours-list\">\n\t\t\t\t\t\t\t\t\t\t\t\t\t\t<li class=\"contact-section__hours-row\">\n\t\t\t\t\t\t\t\t<span class=\"contact-section__hours-days\">Lunes \u2013 Martes<\/span>\n\t\t\t\t\t\t\t\t<span class=\"contact-section__hours-time\">8 am \u2013 5 pm<\/span>\n\t\t\t\t\t\t\t<\/li>\n\t\t\t\t\t\t\t\t\t\t\t\t\t\t<li class=\"contact-section__hours-row\">\n\t\t\t\t\t\t\t\t<span class=\"contact-section__hours-days\">Viernes \u2013 S\u00e1bado<\/span>\n\t\t\t\t\t\t\t\t<span class=\"contact-section__hours-time\">9 am \u2013 7 pm<\/span>\n\t\t\t\t\t\t\t<\/li>\n\t\t\t\t\t\t\t\t\t\t\t\t\t<\/ul>\n\t\t\t\t\t<\/div>\n\t\t\t\t\t\n\t\t\t\t<\/div><!-- \/.contact-section__left -->\n\n\t\t\t\t<!-- Columna derecha: badge + t\u00edtulo + desc + CF7 -->\n\t\t\t\t<div class=\"contact-section__right\">\n\n\t\t\t\t\t\t\t\t\t\t<span class=\"badge\">\n\t\t\t\t\t\t<svg class=\"badge__dot\" width=\"6\" height=\"6\" viewBox=\"0 0 6 6\" fill=\"none\" xmlns=\"http:\/\/www.w3.org\/2000\/svg\"><circle cx=\"3\" cy=\"3\" r=\"3\" fill=\"#C7AE63\"\/><\/svg>\n\t\t\t\t\t\tCONTACTO\t\t\t\t\t<\/span>\n\t\t\t\t\t\n\t\t\t\t\t\t\t\t\t\t<h2 class=\"contact-section__title\">Planifica tu experiencia<\/h2>\n\t\t\t\t\t\n\t\t\t\t\t\t\t\t\t\t<p class=\"contact-section__desc\">Cu\u00e9ntanos qu\u00e9 tipo de experiencia est\u00e1s buscando y nuestro equipo se pondr\u00e1 en contacto contigo para ayudarte a organizar cada detalle.<\/p>\n\t\t\t\t\t\n\t\t\t\t\t<div class=\"contact-section__form\">\n\t\t\t\t\t\t\n<div class=\"wpcf7 no-js\" id=\"wpcf7-f59-o1\" lang=\"es-ES\" dir=\"ltr\" data-wpcf7-id=\"59\">\n<div class=\"screen-reader-response\"><p role=\"status\" aria-live=\"polite\" aria-atomic=\"true\"><\/p> <ul><\/ul><\/div>\n<form action=\"\/es\/wp-json\/wp\/v2\/pages\/68#wpcf7-f59-o1\" method=\"post\" class=\"wpcf7-form init\" aria-label=\"Formulario de contacto\" novalidate=\"novalidate\" data-status=\"init\">\n<fieldset class=\"hidden-fields-container\"><input type=\"hidden\" name=\"_wpcf7\" value=\"59\" \/><input type=\"hidden\" name=\"_wpcf7_version\" value=\"6.1.5\" \/><input type=\"hidden\" name=\"_wpcf7_locale\" value=\"es_ES\" \/><input type=\"hidden\" name=\"_wpcf7_unit_tag\" value=\"wpcf7-f59-o1\" \/><input type=\"hidden\" name=\"_wpcf7_container_post\" value=\"0\" \/><input type=\"hidden\" name=\"_wpcf7_posted_data_hash\" value=\"\" \/>\n<\/fieldset>\n<p><label>Nombre<br \/>\n<span class=\"wpcf7-form-control-wrap\" data-name=\"your-name\"><input size=\"40\" maxlength=\"400\" class=\"wpcf7-form-control wpcf7-text wpcf7-validates-as-required\" aria-required=\"true\" aria-invalid=\"false\" placeholder=\"Tu nombre\" value=\"\" type=\"text\" name=\"your-name\" \/><\/span><\/label>\n<\/p>\n<p><label>Email<br \/>\n<span class=\"wpcf7-form-control-wrap\" data-name=\"your-email\"><input size=\"40\" maxlength=\"400\" class=\"wpcf7-form-control wpcf7-email wpcf7-validates-as-required wpcf7-text wpcf7-validates-as-email\" aria-required=\"true\" aria-invalid=\"false\" placeholder=\"Tu email\" value=\"\" type=\"email\" name=\"your-email\" \/><\/span><\/label>\n<\/p>\n<p><label>Tel\u00e9fono<br \/>\n<span class=\"wpcf7-form-control-wrap\" data-name=\"your-phone\"><input size=\"40\" maxlength=\"400\" class=\"wpcf7-form-control wpcf7-tel wpcf7-text wpcf7-validates-as-tel\" aria-invalid=\"false\" placeholder=\"Tu tel\u00e9fono\" value=\"\" type=\"tel\" name=\"your-phone\" \/><\/span><\/label>\n<\/p>\n<p><label>Asunto<br \/>\n<span class=\"wpcf7-form-control-wrap\" data-name=\"your-subject\"><input size=\"40\" maxlength=\"400\" class=\"wpcf7-form-control wpcf7-text wpcf7-validates-as-required\" aria-required=\"true\" aria-invalid=\"false\" placeholder=\"Asunto\" value=\"\" type=\"text\" name=\"your-subject\" \/><\/span><\/label>\n<\/p>\n<p><label>Mensaje<br \/>\n<span class=\"wpcf7-form-control-wrap\" data-name=\"your-message\"><textarea cols=\"40\" rows=\"10\" maxlength=\"2000\" class=\"wpcf7-form-control wpcf7-textarea wpcf7-validates-as-required\" aria-required=\"true\" aria-invalid=\"false\" placeholder=\"Escribe tu mensaje aqu\u00ed...\" name=\"your-message\"><\/textarea><\/span><\/label>\n<\/p>\n<p><label class=\"cf7-privacy\"><br \/>\n<span class=\"wpcf7-form-control-wrap\" data-name=\"your-acceptance\"><span class=\"wpcf7-form-control wpcf7-acceptance\"><span class=\"wpcf7-list-item\"><label><input type=\"checkbox\" name=\"your-acceptance\" value=\"1\" aria-invalid=\"false\" \/><span class=\"wpcf7-list-item-label\">Acepto la <a href=\"\/politica-de-privacidad\">pol\u00edtica de privacidad<\/a><\/span><\/label><\/span><\/span><\/span><br \/>\n<\/label>\n<\/p>\n<p><input class=\"wpcf7-form-control wpcf7-submit has-spinner\" type=\"submit\" value=\"ENVIAR\" \/>\n<\/p><div class=\"wpcf7-response-output\" aria-hidden=\"true\"><\/div>\n<\/form>\n<\/div>\n\t\t\t\t\t<\/div>\n\n\t\t\t\t<\/div><!-- \/.contact-section__right -->\n\n\t\t\t<\/div><!-- \/.contact-section__inner -->\n\t\t<\/section>\n\t\t\t\t\t\t<\/div>\n\t\t\t\t<\/div>\n\t\t\t\t\t<\/div>\n\t\t\t\t<\/div>\n\t\t\t\t<\/div>\n\t\t","protected":false},"excerpt":{"rendered":"<p>CONTACTO RESERVA TU EXPERIENCIA\u2028CON NOSOTROS Nuestro equipo est\u00e1 listo para ayudarte a organizar experiencias exclusivas por mar, aire y tierra. Cont\u00e1ctanos y dise\u00f1aremos una propuesta personalizada para descubrir Mallorca de una forma \u00fanica. Informaci\u00f3n de contacto +34 234 567 890 contact@lurion.com Horario de atenci\u00f3n Lunes \u2013 Martes 8 am \u2013 5 pm Viernes \u2013 S\u00e1bado [&hellip;]<\/p>\n","protected":false},"author":1,"featured_media":0,"parent":0,"menu_order":0,"comment_status":"closed","ping_status":"closed","template":"","meta":{"inline_featured_image":false,"footnotes":""},"class_list":["post-68","page","type-page","status-publish","hentry"],"_links":{"self":[{"href":"https:\/\/www.lurionmallorca.com\/es\/wp-json\/wp\/v2\/pages\/68","targetHints":{"allow":["GET"]}}],"collection":[{"href":"https:\/\/www.lurionmallorca.com\/es\/wp-json\/wp\/v2\/pages"}],"about":[{"href":"https:\/\/www.lurionmallorca.com\/es\/wp-json\/wp\/v2\/types\/page"}],"author":[{"embeddable":true,"href":"https:\/\/www.lurionmallorca.com\/es\/wp-json\/wp\/v2\/users\/1"}],"replies":[{"embeddable":true,"href":"https:\/\/www.lurionmallorca.com\/es\/wp-json\/wp\/v2\/comments?post=68"}],"version-history":[{"count":13,"href":"https:\/\/www.lurionmallorca.com\/es\/wp-json\/wp\/v2\/pages\/68\/revisions"}],"predecessor-version":[{"id":141,"href":"https:\/\/www.lurionmallorca.com\/es\/wp-json\/wp\/v2\/pages\/68\/revisions\/141"}],"wp:attachment":[{"href":"https:\/\/www.lurionmallorca.com\/es\/wp-json\/wp\/v2\/media?parent=68"}],"curies":[{"name":"wp","href":"https:\/\/api.w.org\/{rel}","templated":true}]}}