{"id":66,"date":"2026-03-26T10:29:37","date_gmt":"2026-03-26T09:29:37","guid":{"rendered":"https:\/\/www.lurionmallorca.com\/?page_id=66"},"modified":"2026-03-27T13:05:27","modified_gmt":"2026-03-27T12:05:27","slug":"nosotros","status":"publish","type":"page","link":"https:\/\/www.lurionmallorca.com\/es\/nosotros\/","title":{"rendered":"Sobre nosotros"},"content":{"rendered":"\t\t<div data-elementor-type=\"wp-page\" data-elementor-id=\"66\" class=\"elementor elementor-66\" data-elementor-post-type=\"page\">\n\t\t\t\t<div class=\"elementor-element elementor-element-b464e35 e-flex e-con-boxed e-con e-parent\" data-id=\"b464e35\" data-element_type=\"container\" data-e-type=\"container\">\n\t\t\t\t\t<div class=\"e-con-inner\">\n\t\t\t\t<div class=\"elementor-element elementor-element-9e8ac4c elementor-widget elementor-widget-rw-page-hero\" data-id=\"9e8ac4c\" data-element_type=\"widget\" data-e-type=\"widget\" data-widget_type=\"rw-page-hero.default\">\n\t\t\t\t<div class=\"elementor-widget-container\">\n\t\t\t\t\t\t\t<section class=\"page-hero\" aria-labelledby=\"page-hero-title\">\n\n\t\t\t\t\t\t<div class=\"page-hero__bg\" aria-hidden=\"true\" style=\"background-image: url('https:\/\/www.lurionmallorca.com\/wp-content\/uploads\/2026\/03\/nosotros.png')\"><\/div>\n\t\t\t\n\t\t\t<div class=\"page-hero__grad\" aria-hidden=\"true\"><\/div>\n\n\t\t\t<div class=\"page-hero__content\">\n\n\t\t\t\t\t\t\t\t<span class=\"badge\">\n\t\t\t\t\t<svg class=\"badge__dot\" width=\"6\" height=\"6\" viewBox=\"0 0 6 6\"><circle cx=\"3\" cy=\"3\" r=\"3\" fill=\"#C7AE63\"\/><\/svg>\n\t\t\t\t\tQUI\u00c9NES SOMOS\t\t\t\t<\/span>\n\t\t\t\t\n\t\t\t\t<h1 class=\"page-hero__title\" id=\"page-hero-title\">\n\t\t\t\t\tCREAMOS EXPERIENCIAS \u00daNICAS EN MALLORCA\t\t\t\t<\/h1>\n\n\t\t\t\t\t\t\t\t<p class=\"page-hero__desc\">En Lurion Mallorca dise\u00f1amos experiencias exclusivas que permiten descubrir la isla desde una perspectiva diferente. Nuestro compromiso es ofrecer momentos inolvidables con un servicio cuidado al detalle.<\/p>\n\t\t\t\t\n\t\t\t<\/div>\n\n\t\t<\/section>\n\t\t\t\t\t\t<\/div>\n\t\t\t\t<\/div>\n\t\t\t\t\t<\/div>\n\t\t\t\t<\/div>\n\t\t<div class=\"elementor-element elementor-element-b495ddb e-flex e-con-boxed e-con e-parent\" data-id=\"b495ddb\" data-element_type=\"container\" data-e-type=\"container\">\n\t\t\t\t\t<div class=\"e-con-inner\">\n\t\t\t\t<div class=\"elementor-element elementor-element-70d2c22 elementor-widget elementor-widget-rw-features-grid\" data-id=\"70d2c22\" data-element_type=\"widget\" data-e-type=\"widget\" data-widget_type=\"rw-features-grid.default\">\n\t\t\t\t<div class=\"elementor-widget-container\">\n\t\t\t\t\t\t\t<section class=\"features-grid\">\n\t\t\t<div class=\"features-grid__inner\">\n\n\t\t\t\t<div class=\"features-grid__top\">\n\n\t\t\t\t\t<!-- Columna izquierda: 2 tarjetas -->\n\t\t\t\t\t<div class=\"features-grid__col\">\n\t\t\t\t\t\t\t\t\t\t\t\t<div class=\"features-grid__card\">\n\t\t\t\t\t\t\t\t\t\t\t\t\t\t<div class=\"features-grid__card-body\">\n\t\t\t\t\t\t\t\t\t\t\t\t\t\t\t\t<h2 class=\"features-grid__card-title\">Experiencias seleccionadas<\/h2>\n\t\t\t\t\t\t\t\t\t\t\t\t\t\t\t\t\t\t\t\t\t\t\t\t<p class=\"features-grid__card-desc\">Seleccionamos cuidadosamente cada experiencia para garantizar calidad, exclusividad y momentos inolvidables en Mallorca.<\/p>\n\t\t\t\t\t\t\t\t\t\t\t\t\t\t\t<\/div>\n\t\t\t\t\t\t<\/div>\n\t\t\t\t\t\t\t\t\t\t\t\t<div class=\"features-grid__card\">\n\t\t\t\t\t\t\t\t\t\t\t\t\t\t<div class=\"features-grid__card-body\">\n\t\t\t\t\t\t\t\t\t\t\t\t\t\t\t\t<h2 class=\"features-grid__card-title\">Atenci\u00f3n personalizada<\/h2>\n\t\t\t\t\t\t\t\t\t\t\t\t\t\t\t\t\t\t\t\t\t\t\t\t<p class=\"features-grid__card-desc\">Cada experiencia se dise\u00f1a pensando en las preferencias de nuestros clientes, ofreciendo un servicio totalmente personalizado.<\/p>\n\t\t\t\t\t\t\t\t\t\t\t\t\t\t\t<\/div>\n\t\t\t\t\t\t<\/div>\n\t\t\t\t\t\t\t\t\t\t\t<\/div>\n\n\t\t\t\t\t<!-- Imagen central -->\n\t\t\t\t\t<div class=\"features-grid__image\"\n\t\t\t\t\t\tstyle=\"background-image: url('https:\/\/www.lurionmallorca.com\/wp-content\/uploads\/2026\/03\/features.png')\"\t\t\t\t\t\taria-hidden=\"true\">\n\t\t\t\t\t\t<div class=\"features-grid__image-grad\"><\/div>\n\t\t\t\t\t<\/div>\n\n\t\t\t\t\t<!-- Columna derecha: 2 tarjetas -->\n\t\t\t\t\t<div class=\"features-grid__col\">\n\t\t\t\t\t\t\t\t\t\t\t\t<div class=\"features-grid__card\">\n\t\t\t\t\t\t\t\t\t\t\t\t\t\t<div class=\"features-grid__card-body\">\n\t\t\t\t\t\t\t\t\t\t\t\t\t\t\t\t<h2 class=\"features-grid__card-title\">Colaboradores de confianza<\/h2>\n\t\t\t\t\t\t\t\t\t\t\t\t\t\t\t\t\t\t\t\t\t\t\t\t<p class=\"features-grid__card-desc\">Trabajamos con proveedores y profesionales de primer nivel para garantizar experiencias seguras y de alta calidad.<\/p>\n\t\t\t\t\t\t\t\t\t\t\t\t\t\t\t<\/div>\n\t\t\t\t\t\t<\/div>\n\t\t\t\t\t\t\t\t\t\t\t\t<div class=\"features-grid__card\">\n\t\t\t\t\t\t\t\t\t\t\t\t\t\t<div class=\"features-grid__card-body\">\n\t\t\t\t\t\t\t\t\t\t\t\t\t\t\t\t<h2 class=\"features-grid__card-title\">Organizaci\u00f3n sin preocupaciones<\/h2>\n\t\t\t\t\t\t\t\t\t\t\t\t\t\t\t\t\t\t\t\t\t\t\t\t<p class=\"features-grid__card-desc\">Nos encargamos de cada detalle para que solo tengas que disfrutar de tu experiencia en Mallorca.<\/p>\n\t\t\t\t\t\t\t\t\t\t\t\t\t\t\t<\/div>\n\t\t\t\t\t\t<\/div>\n\t\t\t\t\t\t\t\t\t\t\t<\/div>\n\n\t\t\t\t<\/div><!-- \/.features-grid__top -->\n\n\t\t\t\t\t\t\t\t<div class=\"features-grid__stats\">\n\t\t\t\t\t\t\t\t\t\t<div class=\"features-grid__stat\">\n\t\t\t\t\t\t\t\t\t\t\t\t<span class=\"features-grid__stat-number\">1200+<\/span>\n\t\t\t\t\t\t\t\t\t\t\t\t\t\t\t\t\t\t<span class=\"features-grid__stat-label\">Experiencias organizadas<\/span>\n\t\t\t\t\t\t\t\t\t\t\t<\/div>\n\t\t\t\t\t\t\t\t\t\t<div class=\"features-grid__stat\">\n\t\t\t\t\t\t\t\t\t\t\t\t<span class=\"features-grid__stat-number\">50+<\/span>\n\t\t\t\t\t\t\t\t\t\t\t\t\t\t\t\t\t\t<span class=\"features-grid__stat-label\">Partners seleccionados<\/span>\n\t\t\t\t\t\t\t\t\t\t\t<\/div>\n\t\t\t\t\t\t\t\t\t\t<div class=\"features-grid__stat\">\n\t\t\t\t\t\t\t\t\t\t\t\t<span class=\"features-grid__stat-number\">98%<\/span>\n\t\t\t\t\t\t\t\t\t\t\t\t\t\t\t\t\t\t<span class=\"features-grid__stat-label\">Clientes satisfechos<\/span>\n\t\t\t\t\t\t\t\t\t\t\t<\/div>\n\t\t\t\t\t\t\t\t\t\t<div class=\"features-grid__stat\">\n\t\t\t\t\t\t\t\t\t\t\t\t<span class=\"features-grid__stat-number\">24\/7<\/span>\n\t\t\t\t\t\t\t\t\t\t\t\t\t\t\t\t\t\t<span class=\"features-grid__stat-label\">Atenci\u00f3n personalizada<\/span>\n\t\t\t\t\t\t\t\t\t\t\t<\/div>\n\t\t\t\t\t\t\t\t\t<\/div>\n\t\t\t\t\n\t\t\t<\/div><!-- \/.features-grid__inner -->\n\t\t<\/section>\n\t\t\t\t\t\t<\/div>\n\t\t\t\t<\/div>\n\t\t\t\t\t<\/div>\n\t\t\t\t<\/div>\n\t\t<div class=\"elementor-element elementor-element-26231c3 e-flex e-con-boxed e-con e-parent\" data-id=\"26231c3\" data-element_type=\"container\" data-e-type=\"container\">\n\t\t\t\t\t<div class=\"e-con-inner\">\n\t\t\t\t<div class=\"elementor-element elementor-element-cd0a0eb elementor-widget elementor-widget-rw-why-us\" data-id=\"cd0a0eb\" data-element_type=\"widget\" data-e-type=\"widget\" data-widget_type=\"rw-why-us.default\">\n\t\t\t\t<div class=\"elementor-widget-container\">\n\t\t\t\t\t\t\t<section class=\"why-us\">\n\t\t\t<div class=\"why-us__inner\">\n\n\t\t\t\t<!-- Cabecera: badge + t\u00edtulo (izquierda) | descripci\u00f3n (derecha) -->\n\t\t\t\t<div class=\"why-us__header\">\n\n\t\t\t\t\t<div class=\"why-us__header-left\">\n\t\t\t\t\t\t\t\t\t\t\t\t<span class=\"badge\">\n\t\t\t\t\t\t\t<svg class=\"badge__dot\" width=\"6\" height=\"6\" viewBox=\"0 0 6 6\" fill=\"none\" xmlns=\"http:\/\/www.w3.org\/2000\/svg\"><circle cx=\"3\" cy=\"3\" r=\"3\" fill=\"#C7AE63\"\/><\/svg>\n\t\t\t\t\t\t\tPORQUE ESCOGERNOS\t\t\t\t\t\t<\/span>\n\t\t\t\t\t\t\t\t\t\t\t\t\t\t\t\t\t\t<h2 class=\"why-us__title\">Experiencias dise\u00f1adas para descubrir Mallorca<\/h2>\n\t\t\t\t\t\t\t\t\t\t\t<\/div>\n\n\t\t\t\t\t\t\t\t\t\t<p class=\"why-us__header-desc\">Nuestro objetivo es ofrecer experiencias exclusivas que permitan disfrutar de la isla desde perspectivas \u00fanicas: por aire, por tierra y por mar.<\/p>\n\t\t\t\t\t\n\t\t\t\t<\/div><!-- \/.why-us__header -->\n\n\t\t\t\t<!-- Cuadr\u00edcula 3\u00d72 de caracter\u00edsticas -->\n\t\t\t\t\t\t\t\t<div class=\"why-us__grid\">\n\t\t\t\t\t\t\t\t\t\t<div class=\"why-us__feature\">\n\t\t\t\t\t\t\t\t\t\t\t\t<div class=\"why-us__feature-body\">\n\t\t\t\t\t\t\t\t\t\t\t\t\t\t<h3 class=\"why-us__feature-title\">Experiencias \u00fanicas<\/h3>\n\t\t\t\t\t\t\t\t\t\t\t\t\t\t\t\t\t\t\t\t\t<p class=\"why-us__feature-desc\">Una selecci\u00f3n cuidada de actividades \u00fanicas para descubrir Mallorca de una forma diferente.<\/p>\n\t\t\t\t\t\t\t\t\t\t\t\t\t<\/div>\n\t\t\t\t\t<\/div>\n\t\t\t\t\t\t\t\t\t\t<div class=\"why-us__feature\">\n\t\t\t\t\t\t\t\t\t\t\t\t<div class=\"why-us__feature-body\">\n\t\t\t\t\t\t\t\t\t\t\t\t\t\t<h3 class=\"why-us__feature-title\">Equipo profesional<\/h3>\n\t\t\t\t\t\t\t\t\t\t\t\t\t\t\t\t\t\t\t\t\t<p class=\"why-us__feature-desc\">Colaboramos con expertos locales que garantizan un servicio de calidad en cada experiencia.<\/p>\n\t\t\t\t\t\t\t\t\t\t\t\t\t<\/div>\n\t\t\t\t\t<\/div>\n\t\t\t\t\t\t\t\t\t\t<div class=\"why-us__feature\">\n\t\t\t\t\t\t\t\t\t\t\t\t<div class=\"why-us__feature-body\">\n\t\t\t\t\t\t\t\t\t\t\t\t\t\t<h3 class=\"why-us__feature-title\">Organizaci\u00f3n transparente<\/h3>\n\t\t\t\t\t\t\t\t\t\t\t\t\t\t\t\t\t\t\t\t\t<p class=\"why-us__feature-desc\">Cada experiencia se organiza con claridad, atenci\u00f3n al detalle y total confianza.<\/p>\n\t\t\t\t\t\t\t\t\t\t\t\t\t<\/div>\n\t\t\t\t\t<\/div>\n\t\t\t\t\t\t\t\t\t\t<div class=\"why-us__feature\">\n\t\t\t\t\t\t\t\t\t\t\t\t<div class=\"why-us__feature-body\">\n\t\t\t\t\t\t\t\t\t\t\t\t\t\t<h3 class=\"why-us__feature-title\">Asistencia personalizada<\/h3>\n\t\t\t\t\t\t\t\t\t\t\t\t\t\t\t\t\t\t\t\t\t<p class=\"why-us__feature-desc\">Nuestro equipo te acompa\u00f1a durante todo el proceso para asegurar una experiencia perfecta.<\/p>\n\t\t\t\t\t\t\t\t\t\t\t\t\t<\/div>\n\t\t\t\t\t<\/div>\n\t\t\t\t\t\t\t\t\t\t<div class=\"why-us__feature\">\n\t\t\t\t\t\t\t\t\t\t\t\t<div class=\"why-us__feature-body\">\n\t\t\t\t\t\t\t\t\t\t\t\t\t\t<h3 class=\"why-us__feature-title\">Seguridad y calidad<\/h3>\n\t\t\t\t\t\t\t\t\t\t\t\t\t\t\t\t\t\t\t\t\t<p class=\"why-us__feature-desc\">Trabajamos \u00fanicamente con proveedores que cumplen los m\u00e1s altos est\u00e1ndares.<\/p>\n\t\t\t\t\t\t\t\t\t\t\t\t\t<\/div>\n\t\t\t\t\t<\/div>\n\t\t\t\t\t\t\t\t\t\t<div class=\"why-us__feature\">\n\t\t\t\t\t\t\t\t\t\t\t\t<div class=\"why-us__feature-body\">\n\t\t\t\t\t\t\t\t\t\t\t\t\t\t<h3 class=\"why-us__feature-title\">Experiencias memorables<\/h3>\n\t\t\t\t\t\t\t\t\t\t\t\t\t\t\t\t\t\t\t\t\t<p class=\"why-us__feature-desc\">Nuestro objetivo es crear momentos que se conviertan en recuerdos inolvidables.<\/p>\n\t\t\t\t\t\t\t\t\t\t\t\t\t<\/div>\n\t\t\t\t\t<\/div>\n\t\t\t\t\t\t\t\t\t<\/div>\n\t\t\t\t\n\t\t\t<\/div><!-- \/.why-us__inner -->\n\t\t<\/section>\n\t\t\t\t\t\t<\/div>\n\t\t\t\t<\/div>\n\t\t\t\t\t<\/div>\n\t\t\t\t<\/div>\n\t\t<div class=\"elementor-element elementor-element-91b9991 e-flex e-con-boxed e-con e-parent\" data-id=\"91b9991\" data-element_type=\"container\" data-e-type=\"container\">\n\t\t\t\t\t<div class=\"e-con-inner\">\n\t\t\t\t<div class=\"elementor-element elementor-element-46a57e2 elementor-widget elementor-widget-rw-testimonial-image\" data-id=\"46a57e2\" data-element_type=\"widget\" data-e-type=\"widget\" data-widget_type=\"rw-testimonial-image.default\">\n\t\t\t\t<div class=\"elementor-widget-container\">\n\t\t\t\t\t\t\t<section class=\"testimonial-img\">\n\t\t\t<div class=\"testimonial-img__inner\">\n\n\t\t\t\t<!-- Columna imagen -->\n\t\t\t\t<div class=\"testimonial-img__media\"\n\t\t\t\t\tstyle=\"background-image: url('https:\/\/www.lurionmallorca.com\/wp-content\/uploads\/2026\/03\/testimonios.png')\">\n\n\t\t\t\t\t<!-- Gradiente derecha: imagen \u2192 fondo -->\n\t\t\t\t\t<div class=\"testimonial-img__grad testimonial-img__grad--right\" aria-hidden=\"true\"><\/div>\n\t\t\t\t\t<!-- Gradiente superior: fondo \u2192 transparente -->\n\t\t\t\t\t<div class=\"testimonial-img__grad testimonial-img__grad--top\"   aria-hidden=\"true\"><\/div>\n\t\t\t\t\t<!-- Gradiente inferior: transparente \u2192 fondo -->\n\t\t\t\t\t<div class=\"testimonial-img__grad testimonial-img__grad--bottom\" aria-hidden=\"true\"><\/div>\n\n\t\t\t\t\t<!-- Autor en hover (se revela al pasar el cursor) -->\n\t\t\t\t\t\n\t\t\t\t<\/div><!-- \/.testimonial-img__media -->\n\n\t\t\t\t<!-- Columna cita -->\n\t\t\t\t<div class=\"testimonial-img__quote\">\n\n\t\t\t\t\t<!-- Icono comillas -->\n\t\t\t\t\t<div class=\"testimonial-img__quote-icon\" aria-hidden=\"true\">\n\t\t\t\t\t\t\t\t\t\t\t\t<svg width=\"24\" height=\"19\" viewBox=\"0 0 24 19\" fill=\"none\" xmlns=\"http:\/\/www.w3.org\/2000\/svg\">\n\t\t\t\t\t\t\t<path d=\"M0 18.42V5.56C0 2.48 1.99 0.74 5.97 0.44L7.3 2.3C5.51 2.5 4.38 3.19 3.89 4.38H6.94V18.42H0ZM11.06 18.42V5.56C11.06 2.48 13.05 0.74 17.03 0.44L18.36 2.3C16.57 2.5 15.44 3.19 14.95 4.38H18V18.42H11.06Z\" fill=\"#FAFAFA\"\/>\n\t\t\t\t\t\t<\/svg>\n\t\t\t\t\t\t\t\t\t\t\t<\/div>\n\n\t\t\t\t\t\t\t\t\t\t<blockquote class=\"testimonial-img__quote-text\">\n\t\t\t\t\t\t&quot;Una experiencia incre\u00edble para descubrir Mallorca desde una perspectiva completamente diferente. Todo estuvo perfectamente organizado y el servicio fue impecable.&quot;\t\t\t\t\t<\/blockquote>\n\t\t\t\t\t\n\t\t\t\t\t\t\t\t\t\t<p class=\"testimonial-img__quote-author\">Tom\u00e1s Serra<\/p>\n\t\t\t\t\t\n\t\t\t\t<\/div><!-- \/.testimonial-img__quote -->\n\n\t\t\t<\/div><!-- \/.testimonial-img__inner -->\n\t\t<\/section>\n\t\t\t\t\t\t<\/div>\n\t\t\t\t<\/div>\n\t\t\t\t<div class=\"elementor-element elementor-element-50bc728 elementor-widget elementor-widget-rw-cta-banner\" data-id=\"50bc728\" data-element_type=\"widget\" data-e-type=\"widget\" data-widget_type=\"rw-cta-banner.default\">\n\t\t\t\t<div class=\"elementor-widget-container\">\n\t\t\t\t\t\t\t<section class=\"cta-banner\" aria-labelledby=\"cta-banner-title\">\n\n\t\t\t\t\t\t<div class=\"cta-banner__bg\" aria-hidden=\"true\" style=\"background-image: url('https:\/\/www.lurionmallorca.com\/wp-content\/uploads\/2026\/03\/cta.png');\"><\/div>\n\t\t\t\n\t\t\t<div class=\"cta-banner__grad-top\" aria-hidden=\"true\"><\/div>\n\t\t\t<div class=\"cta-banner__grad-bottom\" aria-hidden=\"true\"><\/div>\n\n\t\t\t<div class=\"cta-banner__content\">\n\t\t\t\t<h2 class=\"cta-banner__title\" id=\"cta-banner-title\">\n\t\t\t\t\tEmpieza a planificar<br \/>\ntu experiencia en Mallorca\t\t\t\t<\/h2>\n\t\t\t\t\t\t\t\t<p class=\"cta-banner__desc\">Cu\u00e9ntanos qu\u00e9 tipo de experiencia est\u00e1s buscando y nuestro equipo se encargar\u00e1 de dise\u00f1ar una propuesta personalizada.<\/p>\n\t\t\t\t\t\t\t\t\t\t\t\t<a href=\"\" class=\"btn btn--white\">\n\t\t\t\t\tContactar ahora\t\t\t\t<\/a>\n\t\t\t\t\t\t\t<\/div>\n\n\t\t<\/section>\n\t\t\t\t\t\t<\/div>\n\t\t\t\t<\/div>\n\t\t\t\t\t<\/div>\n\t\t\t\t<\/div>\n\t\t\t\t<\/div>\n\t\t","protected":false},"excerpt":{"rendered":"<p>QUI\u00c9NES SOMOS CREAMOS EXPERIENCIAS \u00daNICAS EN MALLORCA En Lurion Mallorca dise\u00f1amos experiencias exclusivas que permiten descubrir la isla desde una perspectiva diferente. Nuestro compromiso es ofrecer momentos inolvidables con un servicio cuidado al detalle. Experiencias seleccionadas Seleccionamos cuidadosamente cada experiencia para garantizar calidad, exclusividad y momentos inolvidables en Mallorca. Atenci\u00f3n personalizada Cada experiencia se dise\u00f1a [&hellip;]<\/p>\n","protected":false},"author":1,"featured_media":0,"parent":0,"menu_order":0,"comment_status":"closed","ping_status":"closed","template":"","meta":{"inline_featured_image":false,"footnotes":""},"class_list":["post-66","page","type-page","status-publish","hentry"],"_links":{"self":[{"href":"https:\/\/www.lurionmallorca.com\/es\/wp-json\/wp\/v2\/pages\/66","targetHints":{"allow":["GET"]}}],"collection":[{"href":"https:\/\/www.lurionmallorca.com\/es\/wp-json\/wp\/v2\/pages"}],"about":[{"href":"https:\/\/www.lurionmallorca.com\/es\/wp-json\/wp\/v2\/types\/page"}],"author":[{"embeddable":true,"href":"https:\/\/www.lurionmallorca.com\/es\/wp-json\/wp\/v2\/users\/1"}],"replies":[{"embeddable":true,"href":"https:\/\/www.lurionmallorca.com\/es\/wp-json\/wp\/v2\/comments?post=66"}],"version-history":[{"count":19,"href":"https:\/\/www.lurionmallorca.com\/es\/wp-json\/wp\/v2\/pages\/66\/revisions"}],"predecessor-version":[{"id":124,"href":"https:\/\/www.lurionmallorca.com\/es\/wp-json\/wp\/v2\/pages\/66\/revisions\/124"}],"wp:attachment":[{"href":"https:\/\/www.lurionmallorca.com\/es\/wp-json\/wp\/v2\/media?parent=66"}],"curies":[{"name":"wp","href":"https:\/\/api.w.org\/{rel}","templated":true}]}}