{"id":64,"date":"2026-03-26T10:29:24","date_gmt":"2026-03-26T09:29:24","guid":{"rendered":"https:\/\/www.lurionmallorca.com\/?page_id=64"},"modified":"2026-03-27T12:35:57","modified_gmt":"2026-03-27T11:35:57","slug":"aire","status":"publish","type":"page","link":"https:\/\/www.lurionmallorca.com\/es\/aire\/","title":{"rendered":"Aire"},"content":{"rendered":"\t\t<div data-elementor-type=\"wp-page\" data-elementor-id=\"64\" class=\"elementor elementor-64\" data-elementor-post-type=\"page\">\n\t\t\t\t<div class=\"elementor-element elementor-element-56a570f e-flex e-con-boxed e-con e-parent\" data-id=\"56a570f\" data-element_type=\"container\" data-e-type=\"container\">\n\t\t\t\t\t<div class=\"e-con-inner\">\n\t\t\t\t<div class=\"elementor-element elementor-element-cc33f5e elementor-widget elementor-widget-rw-experience\" data-id=\"cc33f5e\" data-element_type=\"widget\" data-e-type=\"widget\" data-widget_type=\"rw-experience.default\">\n\t\t\t\t<div class=\"elementor-widget-container\">\n\t\t\t\t\t\t\t<section class=\"experience\" id=\"aire\" aria-labelledby=\"aire-title\">\n\n\t\t\t<div class=\"experience__header\">\n\t\t\t\t<span class=\"badge\">\n\t\t\t\t\t<svg class=\"badge__dot\" width=\"6\" height=\"6\" viewBox=\"0 0 6 6\" fill=\"none\" xmlns=\"http:\/\/www.w3.org\/2000\/svg\"><circle cx=\"3\" cy=\"3\" r=\"3\" fill=\"#C7AE63\"\/><\/svg>\n\t\t\t\t\tEXPERIENCIAS\n\t\t\t\t<\/span>\n\t\t\t\t<h1 class=\"experience__title\" id=\"aire-title\">AIRE<\/h1>\n\t\t\t\t\t\t\t\t<p class=\"experience__desc\">Explora Mallorca desde el cielo con experiencias a\u00e9reas que ofrecen una perspectiva \u00fanica de la isla. Vuelos en helic\u00f3ptero, traslados privados y momentos inolvidables que convierten el paisaje mallorqu\u00edn en una experiencia extraordinaria.<\/p>\n\t\t\t\t\t\t\t<\/div>\n\n\t\t\t<div class=\"experience__body\">\n\n\t\t\t\t<div class=\"experience__carousel-wrap\">\n\t\t\t\t\t<div class=\"experience__carousel-track\" id=\"aire-track\">\n\t\t\t\t\t\t\t\t\t\t\t\t<div class=\"experience__carousel-slide\">\n\t\t\t\t\t\t\t\t\t\t\t\t\t\t<img decoding=\"async\" src=\"https:\/\/www.lurionmallorca.com\/wp-content\/uploads\/2026\/03\/aire.png\" alt=\"\" loading=\"lazy\">\n\t\t\t\t\t\t\t\t\t\t\t\t\t<\/div>\n\t\t\t\t\t\t\t\t\t\t\t\t<div class=\"experience__carousel-slide\">\n\t\t\t\t\t\t\t\t\t\t\t\t\t\t<img decoding=\"async\" src=\"https:\/\/www.lurionmallorca.com\/wp-content\/uploads\/2026\/03\/aire-2.png\" alt=\"\" loading=\"lazy\">\n\t\t\t\t\t\t\t\t\t\t\t\t\t<\/div>\n\t\t\t\t\t\t\t\t\t\t\t\t<div class=\"experience__carousel-slide\">\n\t\t\t\t\t\t\t\t\t\t\t\t\t\t<img decoding=\"async\" src=\"https:\/\/www.lurionmallorca.com\/wp-content\/uploads\/2026\/03\/aire-3.png\" alt=\"\" loading=\"lazy\">\n\t\t\t\t\t\t\t\t\t\t\t\t\t<\/div>\n\t\t\t\t\t\t\t\t\t\t\t<\/div>\n\t\t\t\t\t<button class=\"experience__carousel-btn experience__carousel-btn--prev\" aria-label=\"Imagen anterior\">\n\t\t\t\t\t\t<svg width=\"54\" height=\"40\" viewBox=\"0 0 54 40\" fill=\"none\" xmlns=\"http:\/\/www.w3.org\/2000\/svg\"><path d=\"M40 20H14M14 20L26 8M14 20L26 32\" stroke=\"white\" stroke-width=\"2\" stroke-linecap=\"round\" stroke-linejoin=\"round\"\/><\/svg>\n\t\t\t\t\t<\/button>\n\t\t\t\t\t<button class=\"experience__carousel-btn experience__carousel-btn--next\" aria-label=\"Imagen siguiente\">\n\t\t\t\t\t\t<svg width=\"54\" height=\"40\" viewBox=\"0 0 54 40\" fill=\"none\" xmlns=\"http:\/\/www.w3.org\/2000\/svg\"><path d=\"M14 20H40M40 20L28 8M40 20L28 32\" stroke=\"white\" stroke-width=\"2\" stroke-linecap=\"round\" stroke-linejoin=\"round\"\/><\/svg>\n\t\t\t\t\t<\/button>\n\t\t\t\t<\/div>\n\n\t\t\t\t<div class=\"experience__dots-rail\" aria-hidden=\"true\">\n\t\t\t\t\t<div class=\"experience__dots-line\"><\/div>\n\t\t\t\t\t\t\t\t\t\t<div class=\"experience__dot\"><\/div>\n\t\t\t\t\t\t\t\t\t\t<div class=\"experience__dot\"><\/div>\n\t\t\t\t\t\t\t\t\t\t<div class=\"experience__dot\"><\/div>\n\t\t\t\t\t\t\t\t\t\t<div class=\"experience__dot\"><\/div>\n\t\t\t\t\t\t\t\t\t\t<div class=\"experience__dot\"><\/div>\n\t\t\t\t\t\t\t\t\t<\/div>\n\n\t\t\t\t<div class=\"experience__side\">\n\t\t\t\t\t\n\t\t\t\t\t\t\t\t\t\t<a class=\"experience__item\"\n\t\t\t\t\t\thref=\"https:\/\/www.lurionmallorca.com\/es\/experiencia\/vuelo-en-helicoptero-en-mallorca\/\"\n\t\t\t\t\t\tdata-index=\"0\">\n\t\t\t\t\t\t<span class=\"experience__item-text\">Vuelo en helic\u00f3ptero en Mallorca<\/span>\n\t\t\t\t\t\t<svg class=\"experience__item-icon\" xmlns=\"http:\/\/www.w3.org\/2000\/svg\" width=\"26\" height=\"26\" viewBox=\"0 0 26 26\" fill=\"none\">\n\t\t\t\t\t\t<g clip-path=\"url(#clip0_4067_93)\">\n\t\t\t\t\t\t\t<path fill-rule=\"evenodd\" clip-rule=\"evenodd\" d=\"M0 19.96L1.529 21.5L19.8 3.185V14.9H22V-0.5H6.501L6.468 1.7H18.293L0 19.96Z\" fill=\"white\"\/>\n\t\t\t\t\t\t<\/g>\n\t\t\t\t\t\t<defs>\n\t\t\t\t\t\t\t<clipPath id=\"clip0_4067_93\">\n\t\t\t\t\t\t\t<rect width=\"26\" height=\"26\" fill=\"white\"\/>\n\t\t\t\t\t\t\t<\/clipPath>\n\t\t\t\t\t\t<\/defs>\n\t\t\t\t\t\t<\/svg>\n\t\t\t\t\t<\/a>\n\t\t\t\t\t\t\t\t\t\t<a class=\"experience__item\"\n\t\t\t\t\t\thref=\"https:\/\/www.lurionmallorca.com\/es\/experiencia\/helicoptero-y-cata-de-vino-en-bodega-en-mallorca\/\"\n\t\t\t\t\t\tdata-index=\"1\">\n\t\t\t\t\t\t<span class=\"experience__item-text\">Helic\u00f3ptero y cata de vino en bodega en Mallorca<\/span>\n\t\t\t\t\t\t<svg class=\"experience__item-icon\" xmlns=\"http:\/\/www.w3.org\/2000\/svg\" width=\"26\" height=\"26\" viewBox=\"0 0 26 26\" fill=\"none\">\n\t\t\t\t\t\t<g clip-path=\"url(#clip0_4067_93)\">\n\t\t\t\t\t\t\t<path fill-rule=\"evenodd\" clip-rule=\"evenodd\" d=\"M0 19.96L1.529 21.5L19.8 3.185V14.9H22V-0.5H6.501L6.468 1.7H18.293L0 19.96Z\" fill=\"white\"\/>\n\t\t\t\t\t\t<\/g>\n\t\t\t\t\t\t<defs>\n\t\t\t\t\t\t\t<clipPath id=\"clip0_4067_93\">\n\t\t\t\t\t\t\t<rect width=\"26\" height=\"26\" fill=\"white\"\/>\n\t\t\t\t\t\t\t<\/clipPath>\n\t\t\t\t\t\t<\/defs>\n\t\t\t\t\t\t<\/svg>\n\t\t\t\t\t<\/a>\n\t\t\t\t\t\t\t\t\t\t<a class=\"experience__item\"\n\t\t\t\t\t\thref=\"https:\/\/www.lurionmallorca.com\/es\/experiencia\/transfers-en-helicoptero-en-mallorca\/\"\n\t\t\t\t\t\tdata-index=\"2\">\n\t\t\t\t\t\t<span class=\"experience__item-text\">Transfers en helic\u00f3ptero en Mallorca<\/span>\n\t\t\t\t\t\t<svg class=\"experience__item-icon\" xmlns=\"http:\/\/www.w3.org\/2000\/svg\" width=\"26\" height=\"26\" viewBox=\"0 0 26 26\" fill=\"none\">\n\t\t\t\t\t\t<g clip-path=\"url(#clip0_4067_93)\">\n\t\t\t\t\t\t\t<path fill-rule=\"evenodd\" clip-rule=\"evenodd\" d=\"M0 19.96L1.529 21.5L19.8 3.185V14.9H22V-0.5H6.501L6.468 1.7H18.293L0 19.96Z\" fill=\"white\"\/>\n\t\t\t\t\t\t<\/g>\n\t\t\t\t\t\t<defs>\n\t\t\t\t\t\t\t<clipPath id=\"clip0_4067_93\">\n\t\t\t\t\t\t\t<rect width=\"26\" height=\"26\" fill=\"white\"\/>\n\t\t\t\t\t\t\t<\/clipPath>\n\t\t\t\t\t\t<\/defs>\n\t\t\t\t\t\t<\/svg>\n\t\t\t\t\t<\/a>\n\t\t\t\t\t\t\t\t\t\t<a class=\"experience__item\"\n\t\t\t\t\t\thref=\"https:\/\/www.lurionmallorca.com\/es\/experiencia\/vuelos-en-jet-privado-en-mallorca\/\"\n\t\t\t\t\t\tdata-index=\"3\">\n\t\t\t\t\t\t<span class=\"experience__item-text\">Vuelos en jet privado en Mallorca<\/span>\n\t\t\t\t\t\t<svg class=\"experience__item-icon\" xmlns=\"http:\/\/www.w3.org\/2000\/svg\" width=\"26\" height=\"26\" viewBox=\"0 0 26 26\" fill=\"none\">\n\t\t\t\t\t\t<g clip-path=\"url(#clip0_4067_93)\">\n\t\t\t\t\t\t\t<path fill-rule=\"evenodd\" clip-rule=\"evenodd\" d=\"M0 19.96L1.529 21.5L19.8 3.185V14.9H22V-0.5H6.501L6.468 1.7H18.293L0 19.96Z\" fill=\"white\"\/>\n\t\t\t\t\t\t<\/g>\n\t\t\t\t\t\t<defs>\n\t\t\t\t\t\t\t<clipPath id=\"clip0_4067_93\">\n\t\t\t\t\t\t\t<rect width=\"26\" height=\"26\" fill=\"white\"\/>\n\t\t\t\t\t\t\t<\/clipPath>\n\t\t\t\t\t\t<\/defs>\n\t\t\t\t\t\t<\/svg>\n\t\t\t\t\t<\/a>\n\t\t\t\t\t\t\t\t\t\t<a class=\"experience__item\"\n\t\t\t\t\t\thref=\"https:\/\/www.lurionmallorca.com\/es\/experiencia\/vuelo-en-globo-en-mallorca\/\"\n\t\t\t\t\t\tdata-index=\"4\">\n\t\t\t\t\t\t<span class=\"experience__item-text\">Vuelo en globo en Mallorca<\/span>\n\t\t\t\t\t\t<svg class=\"experience__item-icon\" xmlns=\"http:\/\/www.w3.org\/2000\/svg\" width=\"26\" height=\"26\" viewBox=\"0 0 26 26\" fill=\"none\">\n\t\t\t\t\t\t<g clip-path=\"url(#clip0_4067_93)\">\n\t\t\t\t\t\t\t<path fill-rule=\"evenodd\" clip-rule=\"evenodd\" d=\"M0 19.96L1.529 21.5L19.8 3.185V14.9H22V-0.5H6.501L6.468 1.7H18.293L0 19.96Z\" fill=\"white\"\/>\n\t\t\t\t\t\t<\/g>\n\t\t\t\t\t\t<defs>\n\t\t\t\t\t\t\t<clipPath id=\"clip0_4067_93\">\n\t\t\t\t\t\t\t<rect width=\"26\" height=\"26\" fill=\"white\"\/>\n\t\t\t\t\t\t\t<\/clipPath>\n\t\t\t\t\t\t<\/defs>\n\t\t\t\t\t\t<\/svg>\n\t\t\t\t\t<\/a>\n\t\t\t\t\t\t\t\t\t<\/div>\n\n\t\t\t<\/div>\n\n\t\t<\/section>\n\t\t\t\t\t\t<\/div>\n\t\t\t\t<\/div>\n\t\t\t\t\t<\/div>\n\t\t\t\t<\/div>\n\t\t\t\t<\/div>\n\t\t","protected":false},"excerpt":{"rendered":"<p>EXPERIENCIAS AIRE Explora Mallorca desde el cielo con experiencias a\u00e9reas que ofrecen una perspectiva \u00fanica de la isla. Vuelos en helic\u00f3ptero, traslados privados y momentos inolvidables que convierten el paisaje mallorqu\u00edn en una experiencia extraordinaria. Vuelo panor\u00e1mico en helic\u00f3ptero sobre Mallorca Transfer en helic\u00f3ptero entre puntos de la isla Excursi\u00f3n a\u00e9rea por la Serra de [&hellip;]<\/p>\n","protected":false},"author":1,"featured_media":0,"parent":0,"menu_order":0,"comment_status":"closed","ping_status":"closed","template":"","meta":{"inline_featured_image":false,"footnotes":""},"class_list":["post-64","page","type-page","status-publish","hentry"],"_links":{"self":[{"href":"https:\/\/www.lurionmallorca.com\/es\/wp-json\/wp\/v2\/pages\/64","targetHints":{"allow":["GET"]}}],"collection":[{"href":"https:\/\/www.lurionmallorca.com\/es\/wp-json\/wp\/v2\/pages"}],"about":[{"href":"https:\/\/www.lurionmallorca.com\/es\/wp-json\/wp\/v2\/types\/page"}],"author":[{"embeddable":true,"href":"https:\/\/www.lurionmallorca.com\/es\/wp-json\/wp\/v2\/users\/1"}],"replies":[{"embeddable":true,"href":"https:\/\/www.lurionmallorca.com\/es\/wp-json\/wp\/v2\/comments?post=64"}],"version-history":[{"count":7,"href":"https:\/\/www.lurionmallorca.com\/es\/wp-json\/wp\/v2\/pages\/64\/revisions"}],"predecessor-version":[{"id":210,"href":"https:\/\/www.lurionmallorca.com\/es\/wp-json\/wp\/v2\/pages\/64\/revisions\/210"}],"wp:attachment":[{"href":"https:\/\/www.lurionmallorca.com\/es\/wp-json\/wp\/v2\/media?parent=64"}],"curies":[{"name":"wp","href":"https:\/\/api.w.org\/{rel}","templated":true}]}}