{"id":62,"date":"2026-03-26T10:29:11","date_gmt":"2026-03-26T09:29:11","guid":{"rendered":"https:\/\/www.lurionmallorca.com\/?page_id=62"},"modified":"2026-03-27T12:35:59","modified_gmt":"2026-03-27T11:35:59","slug":"tierra","status":"publish","type":"page","link":"https:\/\/www.lurionmallorca.com\/es\/tierra\/","title":{"rendered":"Tierra"},"content":{"rendered":"\t\t<div data-elementor-type=\"wp-page\" data-elementor-id=\"62\" class=\"elementor elementor-62\" data-elementor-post-type=\"page\">\n\t\t\t\t<div class=\"elementor-element elementor-element-4b983bb e-flex e-con-boxed e-con e-parent\" data-id=\"4b983bb\" data-element_type=\"container\" data-e-type=\"container\">\n\t\t\t\t\t<div class=\"e-con-inner\">\n\t\t\t\t<div class=\"elementor-element elementor-element-9ff5f61 elementor-widget elementor-widget-rw-experience\" data-id=\"9ff5f61\" data-element_type=\"widget\" data-e-type=\"widget\" data-widget_type=\"rw-experience.default\">\n\t\t\t\t<div class=\"elementor-widget-container\">\n\t\t\t\t\t\t\t<section class=\"experience\" id=\"tierra\" aria-labelledby=\"tierra-title\">\n\n\t\t\t<div class=\"experience__header\">\n\t\t\t\t<span class=\"badge\">\n\t\t\t\t\t<svg class=\"badge__dot\" width=\"6\" height=\"6\" viewBox=\"0 0 6 6\" fill=\"none\" xmlns=\"http:\/\/www.w3.org\/2000\/svg\"><circle cx=\"3\" cy=\"3\" r=\"3\" fill=\"#C7AE63\"\/><\/svg>\n\t\t\t\t\tEXPERIENCIAS\n\t\t\t\t<\/span>\n\t\t\t\t<h1 class=\"experience__title\" id=\"tierra-title\">TIERRA<\/h1>\n\t\t\t\t\t\t\t\t<p class=\"experience__desc\">Descubre Mallorca sobre tierra firme a trav\u00e9s de experiencias seleccionadas que combinan confort, exclusividad y aventura. Desde coches de lujo hasta experiencias gastron\u00f3micas \u00fanicas, cada propuesta est\u00e1 pensada para disfrutar la isla con estilo.<\/p>\n\t\t\t\t\t\t\t<\/div>\n\n\t\t\t<div class=\"experience__body\">\n\n\t\t\t\t<div class=\"experience__carousel-wrap\">\n\t\t\t\t\t<div class=\"experience__carousel-track\" id=\"tierra-track\">\n\t\t\t\t\t\t\t\t\t\t\t\t<div class=\"experience__carousel-slide\">\n\t\t\t\t\t\t\t\t\t\t\t\t\t\t<img decoding=\"async\" src=\"https:\/\/www.lurionmallorca.com\/wp-content\/uploads\/2026\/03\/tierra.png\" alt=\"\" loading=\"lazy\">\n\t\t\t\t\t\t\t\t\t\t\t\t\t<\/div>\n\t\t\t\t\t\t\t\t\t\t\t\t<div class=\"experience__carousel-slide\">\n\t\t\t\t\t\t\t\t\t\t\t\t\t\t<img decoding=\"async\" src=\"https:\/\/www.lurionmallorca.com\/wp-content\/uploads\/2026\/03\/tierra-2.png\" alt=\"\" loading=\"lazy\">\n\t\t\t\t\t\t\t\t\t\t\t\t\t<\/div>\n\t\t\t\t\t\t\t\t\t\t\t\t<div class=\"experience__carousel-slide\">\n\t\t\t\t\t\t\t\t\t\t\t\t\t<\/div>\n\t\t\t\t\t\t\t\t\t\t\t\t<div class=\"experience__carousel-slide\">\n\t\t\t\t\t\t\t\t\t\t\t\t\t\t<img decoding=\"async\" src=\"https:\/\/www.lurionmallorca.com\/wp-content\/uploads\/2026\/03\/tierra-3.png\" alt=\"\" loading=\"lazy\">\n\t\t\t\t\t\t\t\t\t\t\t\t\t<\/div>\n\t\t\t\t\t\t\t\t\t\t\t<\/div>\n\t\t\t\t\t<button class=\"experience__carousel-btn experience__carousel-btn--prev\" aria-label=\"Imagen anterior\">\n\t\t\t\t\t\t<svg width=\"54\" height=\"40\" viewBox=\"0 0 54 40\" fill=\"none\" xmlns=\"http:\/\/www.w3.org\/2000\/svg\"><path d=\"M40 20H14M14 20L26 8M14 20L26 32\" stroke=\"white\" stroke-width=\"2\" stroke-linecap=\"round\" stroke-linejoin=\"round\"\/><\/svg>\n\t\t\t\t\t<\/button>\n\t\t\t\t\t<button class=\"experience__carousel-btn experience__carousel-btn--next\" aria-label=\"Imagen siguiente\">\n\t\t\t\t\t\t<svg width=\"54\" height=\"40\" viewBox=\"0 0 54 40\" fill=\"none\" xmlns=\"http:\/\/www.w3.org\/2000\/svg\"><path d=\"M14 20H40M40 20L28 8M40 20L28 32\" stroke=\"white\" stroke-width=\"2\" stroke-linecap=\"round\" stroke-linejoin=\"round\"\/><\/svg>\n\t\t\t\t\t<\/button>\n\t\t\t\t<\/div>\n\n\t\t\t\t<div class=\"experience__dots-rail\" aria-hidden=\"true\">\n\t\t\t\t\t<div class=\"experience__dots-line\"><\/div>\n\t\t\t\t\t\t\t\t\t\t<div class=\"experience__dot\"><\/div>\n\t\t\t\t\t\t\t\t\t\t<div class=\"experience__dot\"><\/div>\n\t\t\t\t\t\t\t\t\t\t<div class=\"experience__dot\"><\/div>\n\t\t\t\t\t\t\t\t\t\t<div class=\"experience__dot\"><\/div>\n\t\t\t\t\t\t\t\t\t\t<div class=\"experience__dot\"><\/div>\n\t\t\t\t\t\t\t\t\t\t<div class=\"experience__dot\"><\/div>\n\t\t\t\t\t\t\t\t\t\t<div class=\"experience__dot\"><\/div>\n\t\t\t\t\t\t\t\t\t\t<div class=\"experience__dot\"><\/div>\n\t\t\t\t\t\t\t\t\t<\/div>\n\n\t\t\t\t<div class=\"experience__side\">\n\t\t\t\t\t\n\t\t\t\t\t\t\t\t\t\t<a class=\"experience__item\"\n\t\t\t\t\t\thref=\"https:\/\/www.lurionmallorca.com\/es\/experiencia\/alquiler-de-coches-de-alta-gama-en-mallorca\/\"\n\t\t\t\t\t\tdata-index=\"0\">\n\t\t\t\t\t\t<span class=\"experience__item-text\">Alquiler de coches de alta gama en Mallorca<\/span>\n\t\t\t\t\t\t<svg class=\"experience__item-icon\" xmlns=\"http:\/\/www.w3.org\/2000\/svg\" width=\"26\" height=\"26\" viewBox=\"0 0 26 26\" fill=\"none\">\n\t\t\t\t\t\t<g clip-path=\"url(#clip0_4067_93)\">\n\t\t\t\t\t\t\t<path fill-rule=\"evenodd\" clip-rule=\"evenodd\" d=\"M0 19.96L1.529 21.5L19.8 3.185V14.9H22V-0.5H6.501L6.468 1.7H18.293L0 19.96Z\" fill=\"white\"\/>\n\t\t\t\t\t\t<\/g>\n\t\t\t\t\t\t<defs>\n\t\t\t\t\t\t\t<clipPath id=\"clip0_4067_93\">\n\t\t\t\t\t\t\t<rect width=\"26\" height=\"26\" fill=\"white\"\/>\n\t\t\t\t\t\t\t<\/clipPath>\n\t\t\t\t\t\t<\/defs>\n\t\t\t\t\t\t<\/svg>\n\t\t\t\t\t<\/a>\n\t\t\t\t\t\t\t\t\t\t<a class=\"experience__item\"\n\t\t\t\t\t\thref=\"https:\/\/www.lurionmallorca.com\/es\/experiencia\/tour-en-coches-clasicos-por-mallorca\/\"\n\t\t\t\t\t\tdata-index=\"1\">\n\t\t\t\t\t\t<span class=\"experience__item-text\">Tour en coches cl\u00e1sicos por Mallorca<\/span>\n\t\t\t\t\t\t<svg class=\"experience__item-icon\" xmlns=\"http:\/\/www.w3.org\/2000\/svg\" width=\"26\" height=\"26\" viewBox=\"0 0 26 26\" fill=\"none\">\n\t\t\t\t\t\t<g clip-path=\"url(#clip0_4067_93)\">\n\t\t\t\t\t\t\t<path fill-rule=\"evenodd\" clip-rule=\"evenodd\" d=\"M0 19.96L1.529 21.5L19.8 3.185V14.9H22V-0.5H6.501L6.468 1.7H18.293L0 19.96Z\" fill=\"white\"\/>\n\t\t\t\t\t\t<\/g>\n\t\t\t\t\t\t<defs>\n\t\t\t\t\t\t\t<clipPath id=\"clip0_4067_93\">\n\t\t\t\t\t\t\t<rect width=\"26\" height=\"26\" fill=\"white\"\/>\n\t\t\t\t\t\t\t<\/clipPath>\n\t\t\t\t\t\t<\/defs>\n\t\t\t\t\t\t<\/svg>\n\t\t\t\t\t<\/a>\n\t\t\t\t\t\t\t\t\t\t<a class=\"experience__item\"\n\t\t\t\t\t\thref=\"https:\/\/www.lurionmallorca.com\/es\/experiencia\/tour-en-quad-por-mallorca\/\"\n\t\t\t\t\t\tdata-index=\"2\">\n\t\t\t\t\t\t<span class=\"experience__item-text\">Tour en quad por Mallorca<\/span>\n\t\t\t\t\t\t<svg class=\"experience__item-icon\" xmlns=\"http:\/\/www.w3.org\/2000\/svg\" width=\"26\" height=\"26\" viewBox=\"0 0 26 26\" fill=\"none\">\n\t\t\t\t\t\t<g clip-path=\"url(#clip0_4067_93)\">\n\t\t\t\t\t\t\t<path fill-rule=\"evenodd\" clip-rule=\"evenodd\" d=\"M0 19.96L1.529 21.5L19.8 3.185V14.9H22V-0.5H6.501L6.468 1.7H18.293L0 19.96Z\" fill=\"white\"\/>\n\t\t\t\t\t\t<\/g>\n\t\t\t\t\t\t<defs>\n\t\t\t\t\t\t\t<clipPath id=\"clip0_4067_93\">\n\t\t\t\t\t\t\t<rect width=\"26\" height=\"26\" fill=\"white\"\/>\n\t\t\t\t\t\t\t<\/clipPath>\n\t\t\t\t\t\t<\/defs>\n\t\t\t\t\t\t<\/svg>\n\t\t\t\t\t<\/a>\n\t\t\t\t\t\t\t\t\t\t<a class=\"experience__item\"\n\t\t\t\t\t\thref=\"https:\/\/www.lurionmallorca.com\/es\/experiencia\/enoturismo-en-mallorca\/\"\n\t\t\t\t\t\tdata-index=\"3\">\n\t\t\t\t\t\t<span class=\"experience__item-text\">Enoturismo en Mallorca<\/span>\n\t\t\t\t\t\t<svg class=\"experience__item-icon\" xmlns=\"http:\/\/www.w3.org\/2000\/svg\" width=\"26\" height=\"26\" viewBox=\"0 0 26 26\" fill=\"none\">\n\t\t\t\t\t\t<g clip-path=\"url(#clip0_4067_93)\">\n\t\t\t\t\t\t\t<path fill-rule=\"evenodd\" clip-rule=\"evenodd\" d=\"M0 19.96L1.529 21.5L19.8 3.185V14.9H22V-0.5H6.501L6.468 1.7H18.293L0 19.96Z\" fill=\"white\"\/>\n\t\t\t\t\t\t<\/g>\n\t\t\t\t\t\t<defs>\n\t\t\t\t\t\t\t<clipPath id=\"clip0_4067_93\">\n\t\t\t\t\t\t\t<rect width=\"26\" height=\"26\" fill=\"white\"\/>\n\t\t\t\t\t\t\t<\/clipPath>\n\t\t\t\t\t\t<\/defs>\n\t\t\t\t\t\t<\/svg>\n\t\t\t\t\t<\/a>\n\t\t\t\t\t\t\t\t\t\t<a class=\"experience__item\"\n\t\t\t\t\t\thref=\"https:\/\/www.lurionmallorca.com\/es\/experiencia\/gastronomia-en-mallorca\/\"\n\t\t\t\t\t\tdata-index=\"4\">\n\t\t\t\t\t\t<span class=\"experience__item-text\">Gastronom\u00eda en Mallorca<\/span>\n\t\t\t\t\t\t<svg class=\"experience__item-icon\" xmlns=\"http:\/\/www.w3.org\/2000\/svg\" width=\"26\" height=\"26\" viewBox=\"0 0 26 26\" fill=\"none\">\n\t\t\t\t\t\t<g clip-path=\"url(#clip0_4067_93)\">\n\t\t\t\t\t\t\t<path fill-rule=\"evenodd\" clip-rule=\"evenodd\" d=\"M0 19.96L1.529 21.5L19.8 3.185V14.9H22V-0.5H6.501L6.468 1.7H18.293L0 19.96Z\" fill=\"white\"\/>\n\t\t\t\t\t\t<\/g>\n\t\t\t\t\t\t<defs>\n\t\t\t\t\t\t\t<clipPath id=\"clip0_4067_93\">\n\t\t\t\t\t\t\t<rect width=\"26\" height=\"26\" fill=\"white\"\/>\n\t\t\t\t\t\t\t<\/clipPath>\n\t\t\t\t\t\t<\/defs>\n\t\t\t\t\t\t<\/svg>\n\t\t\t\t\t<\/a>\n\t\t\t\t\t\t\t\t\t\t<a class=\"experience__item\"\n\t\t\t\t\t\thref=\"https:\/\/www.lurionmallorca.com\/es\/experiencia\/buceo-con-tiburones-en-mallorca\/\"\n\t\t\t\t\t\tdata-index=\"5\">\n\t\t\t\t\t\t<span class=\"experience__item-text\">Buceo con tiburones en Mallorca<\/span>\n\t\t\t\t\t\t<svg class=\"experience__item-icon\" xmlns=\"http:\/\/www.w3.org\/2000\/svg\" width=\"26\" height=\"26\" viewBox=\"0 0 26 26\" fill=\"none\">\n\t\t\t\t\t\t<g clip-path=\"url(#clip0_4067_93)\">\n\t\t\t\t\t\t\t<path fill-rule=\"evenodd\" clip-rule=\"evenodd\" d=\"M0 19.96L1.529 21.5L19.8 3.185V14.9H22V-0.5H6.501L6.468 1.7H18.293L0 19.96Z\" fill=\"white\"\/>\n\t\t\t\t\t\t<\/g>\n\t\t\t\t\t\t<defs>\n\t\t\t\t\t\t\t<clipPath id=\"clip0_4067_93\">\n\t\t\t\t\t\t\t<rect width=\"26\" height=\"26\" fill=\"white\"\/>\n\t\t\t\t\t\t\t<\/clipPath>\n\t\t\t\t\t\t<\/defs>\n\t\t\t\t\t\t<\/svg>\n\t\t\t\t\t<\/a>\n\t\t\t\t\t\t\t\t\t\t<a class=\"experience__item\"\n\t\t\t\t\t\thref=\"https:\/\/www.lurionmallorca.com\/es\/experiencia\/coasteering-en-mallorca\/\"\n\t\t\t\t\t\tdata-index=\"6\">\n\t\t\t\t\t\t<span class=\"experience__item-text\">Coasteering en Mallorca<\/span>\n\t\t\t\t\t\t<svg class=\"experience__item-icon\" xmlns=\"http:\/\/www.w3.org\/2000\/svg\" width=\"26\" height=\"26\" viewBox=\"0 0 26 26\" fill=\"none\">\n\t\t\t\t\t\t<g clip-path=\"url(#clip0_4067_93)\">\n\t\t\t\t\t\t\t<path fill-rule=\"evenodd\" clip-rule=\"evenodd\" d=\"M0 19.96L1.529 21.5L19.8 3.185V14.9H22V-0.5H6.501L6.468 1.7H18.293L0 19.96Z\" fill=\"white\"\/>\n\t\t\t\t\t\t<\/g>\n\t\t\t\t\t\t<defs>\n\t\t\t\t\t\t\t<clipPath id=\"clip0_4067_93\">\n\t\t\t\t\t\t\t<rect width=\"26\" height=\"26\" fill=\"white\"\/>\n\t\t\t\t\t\t\t<\/clipPath>\n\t\t\t\t\t\t<\/defs>\n\t\t\t\t\t\t<\/svg>\n\t\t\t\t\t<\/a>\n\t\t\t\t\t\t\t\t\t\t<a class=\"experience__item\"\n\t\t\t\t\t\thref=\"https:\/\/www.lurionmallorca.com\/es\/experiencia\/paseos-a-caballo-en-mallorca\/\"\n\t\t\t\t\t\tdata-index=\"7\">\n\t\t\t\t\t\t<span class=\"experience__item-text\">Paseos a caballo en Mallorca<\/span>\n\t\t\t\t\t\t<svg class=\"experience__item-icon\" xmlns=\"http:\/\/www.w3.org\/2000\/svg\" width=\"26\" height=\"26\" viewBox=\"0 0 26 26\" fill=\"none\">\n\t\t\t\t\t\t<g clip-path=\"url(#clip0_4067_93)\">\n\t\t\t\t\t\t\t<path fill-rule=\"evenodd\" clip-rule=\"evenodd\" d=\"M0 19.96L1.529 21.5L19.8 3.185V14.9H22V-0.5H6.501L6.468 1.7H18.293L0 19.96Z\" fill=\"white\"\/>\n\t\t\t\t\t\t<\/g>\n\t\t\t\t\t\t<defs>\n\t\t\t\t\t\t\t<clipPath id=\"clip0_4067_93\">\n\t\t\t\t\t\t\t<rect width=\"26\" height=\"26\" fill=\"white\"\/>\n\t\t\t\t\t\t\t<\/clipPath>\n\t\t\t\t\t\t<\/defs>\n\t\t\t\t\t\t<\/svg>\n\t\t\t\t\t<\/a>\n\t\t\t\t\t\t\t\t\t<\/div>\n\n\t\t\t<\/div>\n\n\t\t<\/section>\n\t\t\t\t\t\t<\/div>\n\t\t\t\t<\/div>\n\t\t\t\t\t<\/div>\n\t\t\t\t<\/div>\n\t\t\t\t<\/div>\n\t\t","protected":false},"excerpt":{"rendered":"<p>EXPERIENCIAS TIERRA Descubre Mallorca sobre tierra firme a trav\u00e9s de experiencias seleccionadas que combinan confort, exclusividad y aventura. Desde coches de lujo hasta experiencias gastron\u00f3micas \u00fanicas, cada propuesta est\u00e1 pensada para disfrutar la isla con estilo. Alquiler de superdeportivos en Mallorca Tour en Lamborghini por la costa mallorquina Alquiler de coches cl\u00e1sicos de colecci\u00f3n Experiencia [&hellip;]<\/p>\n","protected":false},"author":1,"featured_media":0,"parent":0,"menu_order":0,"comment_status":"closed","ping_status":"closed","template":"","meta":{"inline_featured_image":false,"footnotes":""},"class_list":["post-62","page","type-page","status-publish","hentry"],"_links":{"self":[{"href":"https:\/\/www.lurionmallorca.com\/es\/wp-json\/wp\/v2\/pages\/62","targetHints":{"allow":["GET"]}}],"collection":[{"href":"https:\/\/www.lurionmallorca.com\/es\/wp-json\/wp\/v2\/pages"}],"about":[{"href":"https:\/\/www.lurionmallorca.com\/es\/wp-json\/wp\/v2\/types\/page"}],"author":[{"embeddable":true,"href":"https:\/\/www.lurionmallorca.com\/es\/wp-json\/wp\/v2\/users\/1"}],"replies":[{"embeddable":true,"href":"https:\/\/www.lurionmallorca.com\/es\/wp-json\/wp\/v2\/comments?post=62"}],"version-history":[{"count":7,"href":"https:\/\/www.lurionmallorca.com\/es\/wp-json\/wp\/v2\/pages\/62\/revisions"}],"predecessor-version":[{"id":213,"href":"https:\/\/www.lurionmallorca.com\/es\/wp-json\/wp\/v2\/pages\/62\/revisions\/213"}],"wp:attachment":[{"href":"https:\/\/www.lurionmallorca.com\/es\/wp-json\/wp\/v2\/media?parent=62"}],"curies":[{"name":"wp","href":"https:\/\/api.w.org\/{rel}","templated":true}]}}