{"id":144,"date":"2026-03-26T12:37:30","date_gmt":"2026-03-26T11:37:30","guid":{"rendered":"https:\/\/www.lurionmallorca.com\/?page_id=144"},"modified":"2026-03-27T13:26:09","modified_gmt":"2026-03-27T12:26:09","slug":"politica-de-privacidad","status":"publish","type":"page","link":"https:\/\/www.lurionmallorca.com\/es\/politica-de-privacidad\/","title":{"rendered":"Pol\u00edtica de privacidad"},"content":{"rendered":"\n<h2 class=\"wp-block-heading\">1. Responsable del tratamiento<\/h2>\n\n\n\n<ul class=\"wp-block-list\">\n<li>Responsable: Lurion Mallorca<\/li>\n\n\n\n<li>Actividad: Experiencias tur\u00edsticas<\/li>\n\n\n\n<li>Email: <a>info@lurionmallorca.com<\/a><\/li>\n<\/ul>\n\n\n\n<hr class=\"wp-block-separator has-alpha-channel-opacity\"\/>\n\n\n\n<h2 class=\"wp-block-heading\">2. Datos que se recopilan<\/h2>\n\n\n\n<p>Se podr\u00e1n recoger los siguientes datos:<\/p>\n\n\n\n<ul class=\"wp-block-list\">\n<li>Nombre<\/li>\n\n\n\n<li>Email<\/li>\n\n\n\n<li>Tel\u00e9fono<\/li>\n\n\n\n<li>Informaci\u00f3n facilitada a trav\u00e9s de formularios<\/li>\n<\/ul>\n\n\n\n<hr class=\"wp-block-separator has-alpha-channel-opacity\"\/>\n\n\n\n<h2 class=\"wp-block-heading\">3. Finalidad del tratamiento<\/h2>\n\n\n\n<p>Los datos se utilizan para:<\/p>\n\n\n\n<ul class=\"wp-block-list\">\n<li>Gestionar consultas o solicitudes<\/li>\n\n\n\n<li>Prestar servicios solicitados<\/li>\n\n\n\n<li>Enviar informaci\u00f3n relacionada con los servicios (si el usuario lo autoriza)<\/li>\n<\/ul>\n\n\n\n<hr class=\"wp-block-separator has-alpha-channel-opacity\"\/>\n\n\n\n<h2 class=\"wp-block-heading\">4. Legitimaci\u00f3n<\/h2>\n\n\n\n<p>La base legal para el tratamiento de datos es:<\/p>\n\n\n\n<ul class=\"wp-block-list\">\n<li>Consentimiento del usuario<\/li>\n\n\n\n<li>Ejecuci\u00f3n de un contrato o solicitud<\/li>\n<\/ul>\n\n\n\n<hr class=\"wp-block-separator has-alpha-channel-opacity\"\/>\n\n\n\n<h2 class=\"wp-block-heading\">5. Conservaci\u00f3n de datos<\/h2>\n\n\n\n<p>Los datos se conservar\u00e1n durante el tiempo necesario para cumplir con la finalidad para la que fueron recogidos o mientras exista una obligaci\u00f3n legal.<\/p>\n\n\n\n<hr class=\"wp-block-separator has-alpha-channel-opacity\"\/>\n\n\n\n<h2 class=\"wp-block-heading\">6. Cesi\u00f3n de datos<\/h2>\n\n\n\n<p>No se ceder\u00e1n datos a terceros, salvo obligaci\u00f3n legal o cuando sea necesario para la prestaci\u00f3n del servicio (por ejemplo, colaboradores de experiencias).<\/p>\n\n\n\n<hr class=\"wp-block-separator has-alpha-channel-opacity\"\/>\n\n\n\n<h2 class=\"wp-block-heading\">7. Derechos del usuario<\/h2>\n\n\n\n<p>El usuario puede ejercer sus derechos de:<\/p>\n\n\n\n<ul class=\"wp-block-list\">\n<li>Acceso<\/li>\n\n\n\n<li>Rectificaci\u00f3n<\/li>\n\n\n\n<li>Supresi\u00f3n<\/li>\n\n\n\n<li>Oposici\u00f3n<\/li>\n\n\n\n<li>Limitaci\u00f3n del tratamiento<\/li>\n<\/ul>\n\n\n\n<p>Enviando una solicitud a: <a>info@lurionmallorca.com<\/a><\/p>\n\n\n\n<hr class=\"wp-block-separator has-alpha-channel-opacity\"\/>\n\n\n\n<h2 class=\"wp-block-heading\">8. Seguridad de los datos<\/h2>\n\n\n\n<p>Lurion Mallorca aplica las medidas necesarias para garantizar la seguridad y confidencialidad de los datos personales.<\/p>\n\n\n\n<hr class=\"wp-block-separator has-alpha-channel-opacity\"\/>\n\n\n\n<h2 class=\"wp-block-heading\">9. Cambios en la pol\u00edtica de privacidad<\/h2>\n\n\n\n<p>Esta pol\u00edtica puede actualizarse en funci\u00f3n de cambios normativos o del propio servicio.<\/p>\n\n\n\n<hr class=\"wp-block-separator has-alpha-channel-opacity\"\/>\n\n\n\n<h2 class=\"wp-block-heading\">10. Legislaci\u00f3n aplicable<\/h2>\n\n\n\n<p>La presente pol\u00edtica se rige por la normativa espa\u00f1ola y europea en materia de protecci\u00f3n de datos.<\/p>\n","protected":false},"excerpt":{"rendered":"<p>1. Responsable del tratamiento 2. Datos que se recopilan Se podr\u00e1n recoger los siguientes datos: 3. Finalidad del tratamiento Los datos se utilizan para: 4. Legitimaci\u00f3n La base legal para el tratamiento de datos es: 5. Conservaci\u00f3n de datos Los datos se conservar\u00e1n durante el tiempo necesario para cumplir con la finalidad para la que [&hellip;]<\/p>\n","protected":false},"author":1,"featured_media":0,"parent":0,"menu_order":0,"comment_status":"closed","ping_status":"closed","template":"","meta":{"inline_featured_image":false,"footnotes":""},"class_list":["post-144","page","type-page","status-publish","hentry"],"_links":{"self":[{"href":"https:\/\/www.lurionmallorca.com\/es\/wp-json\/wp\/v2\/pages\/144","targetHints":{"allow":["GET"]}}],"collection":[{"href":"https:\/\/www.lurionmallorca.com\/es\/wp-json\/wp\/v2\/pages"}],"about":[{"href":"https:\/\/www.lurionmallorca.com\/es\/wp-json\/wp\/v2\/types\/page"}],"author":[{"embeddable":true,"href":"https:\/\/www.lurionmallorca.com\/es\/wp-json\/wp\/v2\/users\/1"}],"replies":[{"embeddable":true,"href":"https:\/\/www.lurionmallorca.com\/es\/wp-json\/wp\/v2\/comments?post=144"}],"version-history":[{"count":3,"href":"https:\/\/www.lurionmallorca.com\/es\/wp-json\/wp\/v2\/pages\/144\/revisions"}],"predecessor-version":[{"id":223,"href":"https:\/\/www.lurionmallorca.com\/es\/wp-json\/wp\/v2\/pages\/144\/revisions\/223"}],"wp:attachment":[{"href":"https:\/\/www.lurionmallorca.com\/es\/wp-json\/wp\/v2\/media?parent=144"}],"curies":[{"name":"wp","href":"https:\/\/api.w.org\/{rel}","templated":true}]}}