{"id":324,"date":"2026-03-26T10:29:37","date_gmt":"2026-03-26T09:29:37","guid":{"rendered":"https:\/\/www.lurionmallorca.com\/?page_id=324"},"modified":"2026-04-21T15:55:45","modified_gmt":"2026-04-21T13:55:45","slug":"about-us","status":"publish","type":"page","link":"https:\/\/www.lurionmallorca.com\/en\/about-us\/","title":{"rendered":"About us"},"content":{"rendered":"\t\t<div data-elementor-type=\"wp-page\" data-elementor-id=\"324\" class=\"elementor elementor-324 elementor-66\" data-elementor-post-type=\"page\">\n\t\t\t\t<div class=\"elementor-element elementor-element-b464e35 e-flex e-con-boxed e-con e-parent\" data-id=\"b464e35\" data-element_type=\"container\" data-e-type=\"container\">\n\t\t\t\t\t<div class=\"e-con-inner\">\n\t\t\t\t<div class=\"elementor-element elementor-element-9e8ac4c elementor-widget elementor-widget-rw-page-hero\" data-id=\"9e8ac4c\" data-element_type=\"widget\" data-e-type=\"widget\" data-widget_type=\"rw-page-hero.default\">\n\t\t\t\t<div class=\"elementor-widget-container\">\n\t\t\t\t\t\t\t<section class=\"page-hero\" aria-labelledby=\"page-hero-title\">\n\n\t\t\t\t\t\t<div class=\"page-hero__bg\" aria-hidden=\"true\" style=\"background-image: url('https:\/\/www.lurionmallorca.com\/wp-content\/uploads\/2026\/03\/nosotros.png')\"><\/div>\n\t\t\t\n\t\t\t<div class=\"page-hero__grad\" aria-hidden=\"true\"><\/div>\n\n\t\t\t<div class=\"page-hero__content\">\n\n\t\t\t\t\t\t\t\t<span class=\"badge\">\n\t\t\t\t\t<svg class=\"badge__dot\" width=\"6\" height=\"6\" viewBox=\"0 0 6 6\"><circle cx=\"3\" cy=\"3\" r=\"3\" fill=\"#C7AE63\"\/><\/svg>\n\t\t\t\t\tWHO WE ARE\t\t\t\t<\/span>\n\t\t\t\t\n\t\t\t\t<h1 class=\"page-hero__title\" id=\"page-hero-title\">\n\t\t\t\t\tWE CREATE UNIQUE EXPERIENCES IN MALLORCA\t\t\t\t<\/h1>\n\n\t\t\t\t\t\t\t\t<p class=\"page-hero__desc\">At Lurion Mallorca we design exclusive experiences that allow you to discover the island from a different perspective. Our commitment is to offer unforgettable moments with a service that pays attention to every detail.<\/p>\n\t\t\t\t\n\t\t\t<\/div>\n\n\t\t<\/section>\n\t\t\t\t\t\t<\/div>\n\t\t\t\t<\/div>\n\t\t\t\t\t<\/div>\n\t\t\t\t<\/div>\n\t\t<div class=\"elementor-element elementor-element-b495ddb e-flex e-con-boxed e-con e-parent\" data-id=\"b495ddb\" data-element_type=\"container\" data-e-type=\"container\">\n\t\t\t\t\t<div class=\"e-con-inner\">\n\t\t\t\t<div class=\"elementor-element elementor-element-70d2c22 elementor-widget elementor-widget-rw-features-grid\" data-id=\"70d2c22\" data-element_type=\"widget\" data-e-type=\"widget\" data-widget_type=\"rw-features-grid.default\">\n\t\t\t\t<div class=\"elementor-widget-container\">\n\t\t\t\t\t\t\t<section class=\"features-grid\">\n\t\t\t<div class=\"features-grid__inner\">\n\n\t\t\t\t<div class=\"features-grid__top\">\n\n\t\t\t\t\t<!-- Columna izquierda: 2 tarjetas -->\n\t\t\t\t\t<div class=\"features-grid__col\">\n\t\t\t\t\t\t\t\t\t\t\t\t<div class=\"features-grid__card\">\n\t\t\t\t\t\t\t\t\t\t\t\t\t\t<div class=\"features-grid__card-body\">\n\t\t\t\t\t\t\t\t\t\t\t\t\t\t\t\t<h2 class=\"features-grid__card-title\">Selected experiences<\/h2>\n\t\t\t\t\t\t\t\t\t\t\t\t\t\t\t\t\t\t\t\t\t\t\t\t<p class=\"features-grid__card-desc\">We carefully select each experience to guarantee quality, exclusivity and unforgettable moments in Mallorca.<\/p>\n\t\t\t\t\t\t\t\t\t\t\t\t\t\t\t<\/div>\n\t\t\t\t\t\t<\/div>\n\t\t\t\t\t\t\t\t\t\t\t\t<div class=\"features-grid__card\">\n\t\t\t\t\t\t\t\t\t\t\t\t\t\t<div class=\"features-grid__card-body\">\n\t\t\t\t\t\t\t\t\t\t\t\t\t\t\t\t<h2 class=\"features-grid__card-title\">Personalized service<\/h2>\n\t\t\t\t\t\t\t\t\t\t\t\t\t\t\t\t\t\t\t\t\t\t\t\t<p class=\"features-grid__card-desc\">Each experience is designed with our clients&#039; preferences in mind, offering a fully personalized service.<\/p>\n\t\t\t\t\t\t\t\t\t\t\t\t\t\t\t<\/div>\n\t\t\t\t\t\t<\/div>\n\t\t\t\t\t\t\t\t\t\t\t<\/div>\n\n\t\t\t\t\t<!-- Imagen central -->\n\t\t\t\t\t<div class=\"features-grid__image\"\n\t\t\t\t\t\tstyle=\"background-image: url('https:\/\/www.lurionmallorca.com\/wp-content\/uploads\/2026\/03\/features.png')\"\t\t\t\t\t\taria-hidden=\"true\">\n\t\t\t\t\t\t<div class=\"features-grid__image-grad\"><\/div>\n\t\t\t\t\t<\/div>\n\n\t\t\t\t\t<!-- Columna derecha: 2 tarjetas -->\n\t\t\t\t\t<div class=\"features-grid__col\">\n\t\t\t\t\t\t\t\t\t\t\t\t<div class=\"features-grid__card\">\n\t\t\t\t\t\t\t\t\t\t\t\t\t\t<div class=\"features-grid__card-body\">\n\t\t\t\t\t\t\t\t\t\t\t\t\t\t\t\t<h2 class=\"features-grid__card-title\">Trusted collaborators<\/h2>\n\t\t\t\t\t\t\t\t\t\t\t\t\t\t\t\t\t\t\t\t\t\t\t\t<p class=\"features-grid__card-desc\">We work with top-tier providers and professionals to ensure safe and high-quality experiences.<\/p>\n\t\t\t\t\t\t\t\t\t\t\t\t\t\t\t<\/div>\n\t\t\t\t\t\t<\/div>\n\t\t\t\t\t\t\t\t\t\t\t\t<div class=\"features-grid__card\">\n\t\t\t\t\t\t\t\t\t\t\t\t\t\t<div class=\"features-grid__card-body\">\n\t\t\t\t\t\t\t\t\t\t\t\t\t\t\t\t<h2 class=\"features-grid__card-title\">Carefree planning<\/h2>\n\t\t\t\t\t\t\t\t\t\t\t\t\t\t\t\t\t\t\t\t\t\t\t\t<p class=\"features-grid__card-desc\">We take care of every detail so you only have to enjoy your Mallorca experience.<\/p>\n\t\t\t\t\t\t\t\t\t\t\t\t\t\t\t<\/div>\n\t\t\t\t\t\t<\/div>\n\t\t\t\t\t\t\t\t\t\t\t<\/div>\n\n\t\t\t\t<\/div><!-- \/.features-grid__top -->\n\n\t\t\t\t\t\t\t\t<div class=\"features-grid__stats\">\n\t\t\t\t\t\t\t\t\t\t<div class=\"features-grid__stat\">\n\t\t\t\t\t\t\t\t\t\t\t\t<span class=\"features-grid__stat-number\">1200+<\/span>\n\t\t\t\t\t\t\t\t\t\t\t\t\t\t\t\t\t\t<span class=\"features-grid__stat-label\">Experiences organized<\/span>\n\t\t\t\t\t\t\t\t\t\t\t<\/div>\n\t\t\t\t\t\t\t\t\t\t<div class=\"features-grid__stat\">\n\t\t\t\t\t\t\t\t\t\t\t\t<span class=\"features-grid__stat-number\">50+<\/span>\n\t\t\t\t\t\t\t\t\t\t\t\t\t\t\t\t\t\t<span class=\"features-grid__stat-label\">Selected partners<\/span>\n\t\t\t\t\t\t\t\t\t\t\t<\/div>\n\t\t\t\t\t\t\t\t\t\t<div class=\"features-grid__stat\">\n\t\t\t\t\t\t\t\t\t\t\t\t<span class=\"features-grid__stat-number\">98%<\/span>\n\t\t\t\t\t\t\t\t\t\t\t\t\t\t\t\t\t\t<span class=\"features-grid__stat-label\">Happy clients<\/span>\n\t\t\t\t\t\t\t\t\t\t\t<\/div>\n\t\t\t\t\t\t\t\t\t\t<div class=\"features-grid__stat\">\n\t\t\t\t\t\t\t\t\t\t\t\t<span class=\"features-grid__stat-number\">24\/7<\/span>\n\t\t\t\t\t\t\t\t\t\t\t\t\t\t\t\t\t\t<span class=\"features-grid__stat-label\">Personalized support<\/span>\n\t\t\t\t\t\t\t\t\t\t\t<\/div>\n\t\t\t\t\t\t\t\t\t<\/div>\n\t\t\t\t\n\t\t\t<\/div><!-- \/.features-grid__inner -->\n\t\t<\/section>\n\t\t\t\t\t\t<\/div>\n\t\t\t\t<\/div>\n\t\t\t\t\t<\/div>\n\t\t\t\t<\/div>\n\t\t<div class=\"elementor-element elementor-element-26231c3 e-flex e-con-boxed e-con e-parent\" data-id=\"26231c3\" data-element_type=\"container\" data-e-type=\"container\">\n\t\t\t\t\t<div class=\"e-con-inner\">\n\t\t\t\t<div class=\"elementor-element elementor-element-cd0a0eb elementor-widget elementor-widget-rw-why-us\" data-id=\"cd0a0eb\" data-element_type=\"widget\" data-e-type=\"widget\" data-widget_type=\"rw-why-us.default\">\n\t\t\t\t<div class=\"elementor-widget-container\">\n\t\t\t\t\t\t\t<section class=\"why-us\">\n\t\t\t<div class=\"why-us__inner\">\n\n\t\t\t\t<!-- Cabecera: badge + t\u00edtulo (izquierda) | descripci\u00f3n (derecha) -->\n\t\t\t\t<div class=\"why-us__header\">\n\n\t\t\t\t\t<div class=\"why-us__header-left\">\n\t\t\t\t\t\t\t\t\t\t\t\t<span class=\"badge\">\n\t\t\t\t\t\t\t<svg class=\"badge__dot\" width=\"6\" height=\"6\" viewBox=\"0 0 6 6\" fill=\"none\" xmlns=\"http:\/\/www.w3.org\/2000\/svg\"><circle cx=\"3\" cy=\"3\" r=\"3\" fill=\"#C7AE63\"\/><\/svg>\n\t\t\t\t\t\t\tWHY US\t\t\t\t\t\t<\/span>\n\t\t\t\t\t\t\t\t\t\t\t\t\t\t\t\t\t\t<h2 class=\"why-us__title\">Experiences designed to discover Mallorca<\/h2>\n\t\t\t\t\t\t\t\t\t\t\t<\/div>\n\n\t\t\t\t\t\t\t\t\t\t<p class=\"why-us__header-desc\">Our goal is to offer exclusive experiences that allow you to enjoy the island from unique perspectives: by air, land, and sea.<\/p>\n\t\t\t\t\t\n\t\t\t\t<\/div><!-- \/.why-us__header -->\n\n\t\t\t\t<!-- Cuadr\u00edcula 3\u00d72 de caracter\u00edsticas -->\n\t\t\t\t\t\t\t\t<div class=\"why-us__grid\">\n\t\t\t\t\t\t\t\t\t\t<div class=\"why-us__feature\">\n\t\t\t\t\t\t\t\t\t\t\t\t<div class=\"why-us__feature-body\">\n\t\t\t\t\t\t\t\t\t\t\t\t\t\t<h3 class=\"why-us__feature-title\">Unique experiences<\/h3>\n\t\t\t\t\t\t\t\t\t\t\t\t\t\t\t\t\t\t\t\t\t<p class=\"why-us__feature-desc\">A carefully curated selection of unique activities to discover Mallorca in a different way.<\/p>\n\t\t\t\t\t\t\t\t\t\t\t\t\t<\/div>\n\t\t\t\t\t<\/div>\n\t\t\t\t\t\t\t\t\t\t<div class=\"why-us__feature\">\n\t\t\t\t\t\t\t\t\t\t\t\t<div class=\"why-us__feature-body\">\n\t\t\t\t\t\t\t\t\t\t\t\t\t\t<h3 class=\"why-us__feature-title\">Professional team<\/h3>\n\t\t\t\t\t\t\t\t\t\t\t\t\t\t\t\t\t\t\t\t\t<p class=\"why-us__feature-desc\">We collaborate with local experts who guarantee quality service in every experience.<\/p>\n\t\t\t\t\t\t\t\t\t\t\t\t\t<\/div>\n\t\t\t\t\t<\/div>\n\t\t\t\t\t\t\t\t\t\t<div class=\"why-us__feature\">\n\t\t\t\t\t\t\t\t\t\t\t\t<div class=\"why-us__feature-body\">\n\t\t\t\t\t\t\t\t\t\t\t\t\t\t<h3 class=\"why-us__feature-title\">Transparent organization<\/h3>\n\t\t\t\t\t\t\t\t\t\t\t\t\t\t\t\t\t\t\t\t\t<p class=\"why-us__feature-desc\">Each experience is organized with clarity, attention to detail and total confidence.<\/p>\n\t\t\t\t\t\t\t\t\t\t\t\t\t<\/div>\n\t\t\t\t\t<\/div>\n\t\t\t\t\t\t\t\t\t\t<div class=\"why-us__feature\">\n\t\t\t\t\t\t\t\t\t\t\t\t<div class=\"why-us__feature-body\">\n\t\t\t\t\t\t\t\t\t\t\t\t\t\t<h3 class=\"why-us__feature-title\">Personalized assistance<\/h3>\n\t\t\t\t\t\t\t\t\t\t\t\t\t\t\t\t\t\t\t\t\t<p class=\"why-us__feature-desc\">Our team will accompany you throughout the process to ensure a perfect experience.<\/p>\n\t\t\t\t\t\t\t\t\t\t\t\t\t<\/div>\n\t\t\t\t\t<\/div>\n\t\t\t\t\t\t\t\t\t\t<div class=\"why-us__feature\">\n\t\t\t\t\t\t\t\t\t\t\t\t<div class=\"why-us__feature-body\">\n\t\t\t\t\t\t\t\t\t\t\t\t\t\t<h3 class=\"why-us__feature-title\">Safety and quality<\/h3>\n\t\t\t\t\t\t\t\t\t\t\t\t\t\t\t\t\t\t\t\t\t<p class=\"why-us__feature-desc\">We work only with providers that meet the highest standards.<\/p>\n\t\t\t\t\t\t\t\t\t\t\t\t\t<\/div>\n\t\t\t\t\t<\/div>\n\t\t\t\t\t\t\t\t\t\t<div class=\"why-us__feature\">\n\t\t\t\t\t\t\t\t\t\t\t\t<div class=\"why-us__feature-body\">\n\t\t\t\t\t\t\t\t\t\t\t\t\t\t<h3 class=\"why-us__feature-title\">Memorable experiences<\/h3>\n\t\t\t\t\t\t\t\t\t\t\t\t\t\t\t\t\t\t\t\t\t<p class=\"why-us__feature-desc\">Our goal is to create moments that become unforgettable memories.<\/p>\n\t\t\t\t\t\t\t\t\t\t\t\t\t<\/div>\n\t\t\t\t\t<\/div>\n\t\t\t\t\t\t\t\t\t<\/div>\n\t\t\t\t\n\t\t\t<\/div><!-- \/.why-us__inner -->\n\t\t<\/section>\n\t\t\t\t\t\t<\/div>\n\t\t\t\t<\/div>\n\t\t\t\t\t<\/div>\n\t\t\t\t<\/div>\n\t\t<div class=\"elementor-element elementor-element-91b9991 e-flex e-con-boxed e-con e-parent\" data-id=\"91b9991\" data-element_type=\"container\" data-e-type=\"container\">\n\t\t\t\t\t<div class=\"e-con-inner\">\n\t\t\t\t<div class=\"elementor-element elementor-element-46a57e2 elementor-widget elementor-widget-rw-testimonial-image\" data-id=\"46a57e2\" data-element_type=\"widget\" data-e-type=\"widget\" data-widget_type=\"rw-testimonial-image.default\">\n\t\t\t\t<div class=\"elementor-widget-container\">\n\t\t\t\t\t\t\t<section class=\"testimonial-img\">\n\t\t\t<div class=\"testimonial-img__inner\">\n\n\t\t\t\t<!-- Columna imagen -->\n\t\t\t\t<div class=\"testimonial-img__media\"\n\t\t\t\t\tstyle=\"background-image: url('https:\/\/www.lurionmallorca.com\/wp-content\/uploads\/2026\/03\/testimonios.png')\">\n\n\t\t\t\t\t<!-- Gradiente derecha: imagen \u2192 fondo -->\n\t\t\t\t\t<div class=\"testimonial-img__grad testimonial-img__grad--right\" aria-hidden=\"true\"><\/div>\n\t\t\t\t\t<!-- Gradiente superior: fondo \u2192 transparente -->\n\t\t\t\t\t<div class=\"testimonial-img__grad testimonial-img__grad--top\"   aria-hidden=\"true\"><\/div>\n\t\t\t\t\t<!-- Gradiente inferior: transparente \u2192 fondo -->\n\t\t\t\t\t<div class=\"testimonial-img__grad testimonial-img__grad--bottom\" aria-hidden=\"true\"><\/div>\n\n\t\t\t\t\t<!-- Autor en hover (se revela al pasar el cursor) -->\n\t\t\t\t\t\n\t\t\t\t<\/div><!-- \/.testimonial-img__media -->\n\n\t\t\t\t<!-- Columna cita -->\n\t\t\t\t<div class=\"testimonial-img__quote\">\n\n\t\t\t\t\t<!-- Icono comillas -->\n\t\t\t\t\t<div class=\"testimonial-img__quote-icon\" aria-hidden=\"true\">\n\t\t\t\t\t\t\t\t\t\t\t\t<svg width=\"24\" height=\"19\" viewBox=\"0 0 24 19\" fill=\"none\" xmlns=\"http:\/\/www.w3.org\/2000\/svg\">\n\t\t\t\t\t\t\t<path d=\"M0 18.42V5.56C0 2.48 1.99 0.74 5.97 0.44L7.3 2.3C5.51 2.5 4.38 3.19 3.89 4.38H6.94V18.42H0ZM11.06 18.42V5.56C11.06 2.48 13.05 0.74 17.03 0.44L18.36 2.3C16.57 2.5 15.44 3.19 14.95 4.38H18V18.42H11.06Z\" fill=\"#FAFAFA\"\/>\n\t\t\t\t\t\t<\/svg>\n\t\t\t\t\t\t\t\t\t\t\t<\/div>\n\n\t\t\t\t\t\t\t\t\t\t<blockquote class=\"testimonial-img__quote-text\">\n\t\t\t\t\t\t&quot;An incredible experience to discover Mallorca from a completely different perspective. Everything was perfectly organized and the service was impeccable.&quot;\t\t\t\t\t<\/blockquote>\n\t\t\t\t\t\n\t\t\t\t\t\t\t\t\t\t<p class=\"testimonial-img__quote-author\">Tom\u00e1s Serra<\/p>\n\t\t\t\t\t\n\t\t\t\t<\/div><!-- \/.testimonial-img__quote -->\n\n\t\t\t<\/div><!-- \/.testimonial-img__inner -->\n\t\t<\/section>\n\t\t\t\t\t\t<\/div>\n\t\t\t\t<\/div>\n\t\t\t\t<div class=\"elementor-element elementor-element-50bc728 elementor-widget elementor-widget-rw-cta-banner\" data-id=\"50bc728\" data-element_type=\"widget\" data-e-type=\"widget\" data-widget_type=\"rw-cta-banner.default\">\n\t\t\t\t<div class=\"elementor-widget-container\">\n\t\t\t\t\t\t\t<section class=\"cta-banner\" aria-labelledby=\"cta-banner-title\">\n\n\t\t\t\t\t\t<div class=\"cta-banner__bg\" aria-hidden=\"true\" style=\"background-image: url('https:\/\/www.lurionmallorca.com\/wp-content\/uploads\/2026\/03\/cta.png');\"><\/div>\n\t\t\t\n\t\t\t<div class=\"cta-banner__grad-top\" aria-hidden=\"true\"><\/div>\n\t\t\t<div class=\"cta-banner__grad-bottom\" aria-hidden=\"true\"><\/div>\n\n\t\t\t<div class=\"cta-banner__content\">\n\t\t\t\t<h2 class=\"cta-banner__title\" id=\"cta-banner-title\">\n\t\t\t\t\tStart planning<br \/>\nyour Mallorca experience\t\t\t\t<\/h2>\n\t\t\t\t\t\t\t\t<p class=\"cta-banner__desc\">Tell us what type of experience you are looking for and our team will design a personalized proposal.<\/p>\n\t\t\t\t\t\t\t\t\t\t\t\t<a href=\"\" class=\"btn btn--white\">\n\t\t\t\t\tContact now\t\t\t\t<\/a>\n\t\t\t\t\t\t\t<\/div>\n\n\t\t<\/section>\n\t\t\t\t\t\t<\/div>\n\t\t\t\t<\/div>\n\t\t\t\t\t<\/div>\n\t\t\t\t<\/div>\n\t\t\t\t<\/div>\n\t\t","protected":false},"excerpt":{"rendered":"<p>WHO WE ARE WE CREATE UNIQUE EXPERIENCES IN MALLORCA At Lurion Mallorca we design exclusive experiences that allow you to discover the island from a different perspective. Our commitment is to offer unforgettable moments with a service that pays attention to every detail. Selected experiences We carefully select each experience to guarantee quality, exclusivity and [&hellip;]<\/p>\n","protected":false},"author":1,"featured_media":0,"parent":0,"menu_order":0,"comment_status":"closed","ping_status":"closed","template":"","meta":{"inline_featured_image":false,"footnotes":""},"class_list":["post-324","page","type-page","status-publish","hentry"],"_links":{"self":[{"href":"https:\/\/www.lurionmallorca.com\/en\/wp-json\/wp\/v2\/pages\/324","targetHints":{"allow":["GET"]}}],"collection":[{"href":"https:\/\/www.lurionmallorca.com\/en\/wp-json\/wp\/v2\/pages"}],"about":[{"href":"https:\/\/www.lurionmallorca.com\/en\/wp-json\/wp\/v2\/types\/page"}],"author":[{"embeddable":true,"href":"https:\/\/www.lurionmallorca.com\/en\/wp-json\/wp\/v2\/users\/1"}],"replies":[{"embeddable":true,"href":"https:\/\/www.lurionmallorca.com\/en\/wp-json\/wp\/v2\/comments?post=324"}],"version-history":[{"count":4,"href":"https:\/\/www.lurionmallorca.com\/en\/wp-json\/wp\/v2\/pages\/324\/revisions"}],"predecessor-version":[{"id":601,"href":"https:\/\/www.lurionmallorca.com\/en\/wp-json\/wp\/v2\/pages\/324\/revisions\/601"}],"wp:attachment":[{"href":"https:\/\/www.lurionmallorca.com\/en\/wp-json\/wp\/v2\/media?parent=324"}],"curies":[{"name":"wp","href":"https:\/\/api.w.org\/{rel}","templated":true}]}}