{"id":399,"date":"2026-03-26T10:29:24","date_gmt":"2026-03-26T09:29:24","guid":{"rendered":"https:\/\/www.lurionmallorca.com\/aire\/"},"modified":"2026-04-21T14:57:20","modified_gmt":"2026-04-21T12:57:20","slug":"aire","status":"publish","type":"page","link":"https:\/\/www.lurionmallorca.com\/de\/aire\/","title":{"rendered":"Aire"},"content":{"rendered":"\t\t<div data-elementor-type=\"wp-page\" data-elementor-id=\"399\" class=\"elementor elementor-399 elementor-64\" data-elementor-post-type=\"page\">\n\t\t\t\t<div class=\"elementor-element elementor-element-56a570f e-flex e-con-boxed e-con e-parent\" data-id=\"56a570f\" data-element_type=\"container\" data-e-type=\"container\">\n\t\t\t\t\t<div class=\"e-con-inner\">\n\t\t\t\t<div class=\"elementor-element elementor-element-cc33f5e elementor-widget elementor-widget-rw-experience\" data-id=\"cc33f5e\" data-element_type=\"widget\" data-e-type=\"widget\" data-widget_type=\"rw-experience.default\">\n\t\t\t\t<div class=\"elementor-widget-container\">\n\t\t\t\t\t\t\t<section class=\"experience\" id=\"aire\" aria-labelledby=\"aire-title\">\n\n\t\t\t<div class=\"experience__header\">\n\t\t\t\t<span class=\"badge\">\n\t\t\t\t\t<svg class=\"badge__dot\" width=\"6\" height=\"6\" viewBox=\"0 0 6 6\" fill=\"none\" xmlns=\"http:\/\/www.w3.org\/2000\/svg\"><circle cx=\"3\" cy=\"3\" r=\"3\" fill=\"#C7AE63\"\/><\/svg>\n\t\t\t\t\tEXPERIENCIAS\n\t\t\t\t<\/span>\n\t\t\t\t<h1 class=\"experience__title\" id=\"aire-title\">LUFT<\/h1>\n\t\t\t\t\t\t\t\t<p class=\"experience__desc\">Entdecken Sie Mallorca aus der Luft mit Flugerlebnissen, die Ihnen einen einzigartigen Blick auf die Insel bieten. Hubschrauberfl\u00fcge, private Transfers und unvergessliche Momente, die die Landschaft Mallorcas zu einem au\u00dfergew\u00f6hnlichen Erlebnis machen.<\/p>\n\t\t\t\t\t\t\t<\/div>\n\n\t\t\t<div class=\"experience__body\">\n\n\t\t\t\t<div class=\"experience__carousel-wrap\">\n\t\t\t\t\t<div class=\"experience__carousel-track\" id=\"aire-track\">\n\t\t\t\t\t\t\t\t\t\t\t\t<div class=\"experience__carousel-slide\">\n\t\t\t\t\t\t\t\t\t\t\t\t\t\t<img decoding=\"async\" src=\"https:\/\/www.lurionmallorca.com\/wp-content\/uploads\/2026\/03\/aire.png\" alt=\"\" loading=\"lazy\">\n\t\t\t\t\t\t\t\t\t\t\t\t\t<\/div>\n\t\t\t\t\t\t\t\t\t\t\t\t<div class=\"experience__carousel-slide\">\n\t\t\t\t\t\t\t\t\t\t\t\t\t\t<img decoding=\"async\" src=\"https:\/\/www.lurionmallorca.com\/wp-content\/uploads\/2026\/03\/aire-2.png\" alt=\"\" loading=\"lazy\">\n\t\t\t\t\t\t\t\t\t\t\t\t\t<\/div>\n\t\t\t\t\t\t\t\t\t\t\t\t<div class=\"experience__carousel-slide\">\n\t\t\t\t\t\t\t\t\t\t\t\t\t\t<img decoding=\"async\" src=\"https:\/\/www.lurionmallorca.com\/wp-content\/uploads\/2026\/03\/aire-3.png\" alt=\"\" loading=\"lazy\">\n\t\t\t\t\t\t\t\t\t\t\t\t\t<\/div>\n\t\t\t\t\t\t\t\t\t\t\t<\/div>\n\t\t\t\t\t<button class=\"experience__carousel-btn experience__carousel-btn--prev\" aria-label=\"Imagen anterior\">\n\t\t\t\t\t\t<svg width=\"54\" height=\"40\" viewBox=\"0 0 54 40\" fill=\"none\" xmlns=\"http:\/\/www.w3.org\/2000\/svg\"><path d=\"M40 20H14M14 20L26 8M14 20L26 32\" stroke=\"white\" stroke-width=\"2\" stroke-linecap=\"round\" stroke-linejoin=\"round\"\/><\/svg>\n\t\t\t\t\t<\/button>\n\t\t\t\t\t<button class=\"experience__carousel-btn experience__carousel-btn--next\" aria-label=\"Imagen siguiente\">\n\t\t\t\t\t\t<svg width=\"54\" height=\"40\" viewBox=\"0 0 54 40\" fill=\"none\" xmlns=\"http:\/\/www.w3.org\/2000\/svg\"><path d=\"M14 20H40M40 20L28 8M40 20L28 32\" stroke=\"white\" stroke-width=\"2\" stroke-linecap=\"round\" stroke-linejoin=\"round\"\/><\/svg>\n\t\t\t\t\t<\/button>\n\t\t\t\t<\/div>\n\n\t\t\t\t<div class=\"experience__dots-rail\" aria-hidden=\"true\">\n\t\t\t\t\t<div class=\"experience__dots-line\"><\/div>\n\t\t\t\t\t\t\t\t\t<\/div>\n\n\t\t\t\t<div class=\"experience__side\">\n\t\t\t\t\t\t\t\t\t\t<p class=\"experience__empty\">\n\t\t\t\t\t\tNo hay experiencias publicadas en esta categor\u00eda.\t\t\t\t\t<\/p>\n\t\t\t\t\t\n\t\t\t\t\t\t\t\t\t<\/div>\n\n\t\t\t<\/div>\n\n\t\t<\/section>\n\t\t\t\t\t\t<\/div>\n\t\t\t\t<\/div>\n\t\t\t\t\t<\/div>\n\t\t\t\t<\/div>\n\t\t\t\t<\/div>\n\t\t","protected":false},"excerpt":{"rendered":"<p>EXPERIENCIAS LUFT Entdecken Sie Mallorca aus der Luft mit Flugerlebnissen, die Ihnen einen einzigartigen Blick auf die Insel bieten. Hubschrauberfl\u00fcge, private Transfers und unvergessliche Momente, die die Landschaft Mallorcas zu einem au\u00dfergew\u00f6hnlichen Erlebnis machen. Vuelo en helic\u00f3ptero en Mallorca Helic\u00f3ptero y cata de vino en bodega en Mallorca Transfers en helic\u00f3ptero en Mallorca Vuelos en [&hellip;]<\/p>\n","protected":false},"author":1,"featured_media":0,"parent":0,"menu_order":0,"comment_status":"closed","ping_status":"closed","template":"","meta":{"inline_featured_image":false,"footnotes":""},"class_list":["post-399","page","type-page","status-publish","hentry"],"_links":{"self":[{"href":"https:\/\/www.lurionmallorca.com\/de\/wp-json\/wp\/v2\/pages\/399","targetHints":{"allow":["GET"]}}],"collection":[{"href":"https:\/\/www.lurionmallorca.com\/de\/wp-json\/wp\/v2\/pages"}],"about":[{"href":"https:\/\/www.lurionmallorca.com\/de\/wp-json\/wp\/v2\/types\/page"}],"author":[{"embeddable":true,"href":"https:\/\/www.lurionmallorca.com\/de\/wp-json\/wp\/v2\/users\/1"}],"replies":[{"embeddable":true,"href":"https:\/\/www.lurionmallorca.com\/de\/wp-json\/wp\/v2\/comments?post=399"}],"version-history":[{"count":2,"href":"https:\/\/www.lurionmallorca.com\/de\/wp-json\/wp\/v2\/pages\/399\/revisions"}],"predecessor-version":[{"id":596,"href":"https:\/\/www.lurionmallorca.com\/de\/wp-json\/wp\/v2\/pages\/399\/revisions\/596"}],"wp:attachment":[{"href":"https:\/\/www.lurionmallorca.com\/de\/wp-json\/wp\/v2\/media?parent=399"}],"curies":[{"name":"wp","href":"https:\/\/api.w.org\/{rel}","templated":true}]}}