{"id":397,"date":"2026-03-26T10:29:00","date_gmt":"2026-03-26T09:29:00","guid":{"rendered":"https:\/\/www.lurionmallorca.com\/meer\/"},"modified":"2026-04-22T09:53:56","modified_gmt":"2026-04-22T07:53:56","slug":"meer","status":"publish","type":"page","link":"https:\/\/www.lurionmallorca.com\/de\/meer\/","title":{"rendered":"Meer"},"content":{"rendered":"\t\t<div data-elementor-type=\"wp-page\" data-elementor-id=\"397\" class=\"elementor elementor-397 elementor-60\" data-elementor-post-type=\"page\">\n\t\t\t\t<div class=\"elementor-element elementor-element-f7bd06f e-flex e-con-boxed e-con e-parent\" data-id=\"f7bd06f\" data-element_type=\"container\" data-e-type=\"container\">\n\t\t\t\t\t<div class=\"e-con-inner\">\n\t\t\t\t<div class=\"elementor-element elementor-element-ab45eea elementor-widget elementor-widget-rw-experience\" data-id=\"ab45eea\" data-element_type=\"widget\" data-e-type=\"widget\" data-widget_type=\"rw-experience.default\">\n\t\t\t\t<div class=\"elementor-widget-container\">\n\t\t\t\t\t\t\t<section class=\"experience\" id=\"mar\" aria-labelledby=\"mar-title\">\n\n\t\t\t<div class=\"experience__header\">\n\t\t\t\t<span class=\"badge\">\n\t\t\t\t\t<svg class=\"badge__dot\" width=\"6\" height=\"6\" viewBox=\"0 0 6 6\" fill=\"none\" xmlns=\"http:\/\/www.w3.org\/2000\/svg\"><circle cx=\"3\" cy=\"3\" r=\"3\" fill=\"#C7AE63\"\/><\/svg>\n\t\t\t\t\tEXPERIENCIAS\n\t\t\t\t<\/span>\n\t\t\t\t<h1 class=\"experience__title\" id=\"mar-title\">MEER<\/h1>\n\t\t\t\t\t\t\t\t<p class=\"experience__desc\">Das Mittelmeer ist eines der wertvollsten Juwelen Mallorcas. Mit unseren Erlebnissen auf See k\u00f6nnen Sie versteckte Buchten entdecken, auf exklusiven Booten segeln und die K\u00fcste aus einer privilegierten Perspektive genie\u00dfen.<\/p>\n\t\t\t\t\t\t\t<\/div>\n\n\t\t\t<div class=\"experience__body\">\n\n\t\t\t\t<div class=\"experience__carousel-wrap\">\n\t\t\t\t\t<div class=\"experience__carousel-track\" id=\"mar-track\">\n\t\t\t\t\t\t\t\t\t\t\t\t<div class=\"experience__carousel-slide\">\n\t\t\t\t\t\t\t\t\t\t\t\t\t\t<img decoding=\"async\" src=\"https:\/\/www.lurionmallorca.com\/wp-content\/uploads\/2026\/03\/mar.png\" alt=\"\" loading=\"lazy\">\n\t\t\t\t\t\t\t\t\t\t\t\t\t<\/div>\n\t\t\t\t\t\t\t\t\t\t\t\t<div class=\"experience__carousel-slide\">\n\t\t\t\t\t\t\t\t\t\t\t\t\t\t<img decoding=\"async\" src=\"https:\/\/www.lurionmallorca.com\/wp-content\/uploads\/2026\/03\/mar-2.png\" alt=\"\" loading=\"lazy\">\n\t\t\t\t\t\t\t\t\t\t\t\t\t<\/div>\n\t\t\t\t\t\t\t\t\t\t\t\t<div class=\"experience__carousel-slide\">\n\t\t\t\t\t\t\t\t\t\t\t\t\t\t<img decoding=\"async\" src=\"https:\/\/www.lurionmallorca.com\/wp-content\/uploads\/2026\/03\/mar-3.png\" alt=\"\" loading=\"lazy\">\n\t\t\t\t\t\t\t\t\t\t\t\t\t<\/div>\n\t\t\t\t\t\t\t\t\t\t\t<\/div>\n\t\t\t\t\t<button class=\"experience__carousel-btn experience__carousel-btn--prev\" aria-label=\"Imagen anterior\">\n\t\t\t\t\t\t<svg width=\"54\" height=\"40\" viewBox=\"0 0 54 40\" fill=\"none\" xmlns=\"http:\/\/www.w3.org\/2000\/svg\"><path d=\"M40 20H14M14 20L26 8M14 20L26 32\" stroke=\"white\" stroke-width=\"2\" stroke-linecap=\"round\" stroke-linejoin=\"round\"\/><\/svg>\n\t\t\t\t\t<\/button>\n\t\t\t\t\t<button class=\"experience__carousel-btn experience__carousel-btn--next\" aria-label=\"Imagen siguiente\">\n\t\t\t\t\t\t<svg width=\"54\" height=\"40\" viewBox=\"0 0 54 40\" fill=\"none\" xmlns=\"http:\/\/www.w3.org\/2000\/svg\"><path d=\"M14 20H40M40 20L28 8M40 20L28 32\" stroke=\"white\" stroke-width=\"2\" stroke-linecap=\"round\" stroke-linejoin=\"round\"\/><\/svg>\n\t\t\t\t\t<\/button>\n\t\t\t\t<\/div>\n\n\t\t\t\t<div class=\"experience__dots-rail\" aria-hidden=\"true\">\n\t\t\t\t\t<div class=\"experience__dots-line\"><\/div>\n\t\t\t\t\t\t\t\t\t\t<div class=\"experience__dot\"><\/div>\n\t\t\t\t\t\t\t\t\t<\/div>\n\n\t\t\t\t<div class=\"experience__side\">\n\t\t\t\t\t\n\t\t\t\t\t\t\t\t\t\t<a class=\"experience__item\"\n\t\t\t\t\t\thref=\"https:\/\/www.lurionmallorca.com\/de\/experiencia\/yachtcharter-auf-mallorca\/\"\n\t\t\t\t\t\tdata-index=\"0\">\n\t\t\t\t\t\t<span class=\"experience__item-text\">Yachtcharter auf Mallorca.<\/span>\n\t\t\t\t\t\t<svg class=\"experience__item-icon\" xmlns=\"http:\/\/www.w3.org\/2000\/svg\" width=\"26\" height=\"26\" viewBox=\"0 0 26 26\" fill=\"none\">\n\t\t\t\t\t\t<g clip-path=\"url(#clip0_4067_93)\">\n\t\t\t\t\t\t\t<path fill-rule=\"evenodd\" clip-rule=\"evenodd\" d=\"M0 19.96L1.529 21.5L19.8 3.185V14.9H22V-0.5H6.501L6.468 1.7H18.293L0 19.96Z\" fill=\"white\"\/>\n\t\t\t\t\t\t<\/g>\n\t\t\t\t\t\t<defs>\n\t\t\t\t\t\t\t<clipPath id=\"clip0_4067_93\">\n\t\t\t\t\t\t\t<rect width=\"26\" height=\"26\" fill=\"white\"\/>\n\t\t\t\t\t\t\t<\/clipPath>\n\t\t\t\t\t\t<\/defs>\n\t\t\t\t\t\t<\/svg>\n\t\t\t\t\t<\/a>\n\t\t\t\t\t\t\t\t\t<\/div>\n\n\t\t\t<\/div>\n\n\t\t<\/section>\n\t\t\t\t\t\t<\/div>\n\t\t\t\t<\/div>\n\t\t\t\t\t<\/div>\n\t\t\t\t<\/div>\n\t\t\t\t<\/div>\n\t\t","protected":false},"excerpt":{"rendered":"<p>EXPERIENCIAS MEER Das Mittelmeer ist eines der wertvollsten Juwelen Mallorcas. Mit unseren Erlebnissen auf See k\u00f6nnen Sie versteckte Buchten entdecken, auf exklusiven Booten segeln und die K\u00fcste aus einer privilegierten Perspektive genie\u00dfen. Ch\u00e1rter de barcos en Mallorca Ch\u00e1rter de pesca en Mallorca Buceo en Mallorca Paddle surf yoga en Mallorca Excursiones en jet ski en [&hellip;]<\/p>\n","protected":false},"author":1,"featured_media":0,"parent":0,"menu_order":0,"comment_status":"closed","ping_status":"closed","template":"","meta":{"inline_featured_image":false,"footnotes":""},"class_list":["post-397","page","type-page","status-publish","hentry"],"_links":{"self":[{"href":"https:\/\/www.lurionmallorca.com\/de\/wp-json\/wp\/v2\/pages\/397","targetHints":{"allow":["GET"]}}],"collection":[{"href":"https:\/\/www.lurionmallorca.com\/de\/wp-json\/wp\/v2\/pages"}],"about":[{"href":"https:\/\/www.lurionmallorca.com\/de\/wp-json\/wp\/v2\/types\/page"}],"author":[{"embeddable":true,"href":"https:\/\/www.lurionmallorca.com\/de\/wp-json\/wp\/v2\/users\/1"}],"replies":[{"embeddable":true,"href":"https:\/\/www.lurionmallorca.com\/de\/wp-json\/wp\/v2\/comments?post=397"}],"version-history":[{"count":6,"href":"https:\/\/www.lurionmallorca.com\/de\/wp-json\/wp\/v2\/pages\/397\/revisions"}],"predecessor-version":[{"id":600,"href":"https:\/\/www.lurionmallorca.com\/de\/wp-json\/wp\/v2\/pages\/397\/revisions\/600"}],"wp:attachment":[{"href":"https:\/\/www.lurionmallorca.com\/de\/wp-json\/wp\/v2\/media?parent=397"}],"curies":[{"name":"wp","href":"https:\/\/api.w.org\/{rel}","templated":true}]}}