{"id":395,"date":"2026-03-26T12:37:21","date_gmt":"2026-03-26T11:37:21","guid":{"rendered":"https:\/\/www.lurionmallorca.com\/rechtlicher-hinweis\/"},"modified":"2026-04-01T14:42:49","modified_gmt":"2026-04-01T12:42:49","slug":"rechtlicher-hinweis","status":"publish","type":"page","link":"https:\/\/www.lurionmallorca.com\/de\/rechtlicher-hinweis\/","title":{"rendered":"Rechtlicher Hinweis"},"content":{"rendered":"\n<h2 class=\"wp-block-heading\">1. Identifizierungsdaten<\/h2>\n\n<p>In Erf\u00fcllung der in den geltenden Rechtsvorschriften festgelegten Informationspflicht wird darauf hingewiesen, dass diese Website Eigentum von:<\/p>\n\n<ul class=\"wp-block-list\">\n<li>Titel: Lurion Mallorca<\/li>\n\n\n\n<li>T\u00e4tigkeit: Organisation und Verwaltung von touristischen Erlebnissen<\/li>\n\n\n\n<li>Kontakt-E-Mail: <a>info@lurionmallorca.com<\/a><\/li>\n\n\n\n<li>Standort: Mallorca, Spanien<\/li>\n<\/ul>\n\n<p>Mit dem Zugriff auf die Website und deren Nutzung gelten Sie als Nutzer und erkl\u00e4ren sich mit diesen Nutzungsbedingungen einverstanden.<\/p>\n\n<hr class=\"wp-block-separator has-alpha-channel-opacity\"\/>\n\n<h2 class=\"wp-block-heading\">2. Gegenstand<\/h2>\n\n<p>Diese Website hat zum Ziel, Informationen \u00fcber a7&gt; Informationen \u00fcber die Erfahrungen und Dienstleistungen anzubieten, die von Lurion Mallorca sowie auch die Kontaktaufnahme mit potenziellen Kunden zu erleichtern.<\/p>\n\n<hr class=\"wp-block-separator has-alpha-channel-opacity\"\/>\n\n<h2 class=\"wp-block-heading\">3. Nutzungsbedingungen<\/h2>\n\n<p>Der Nutzer verpflichtet sich, die Inhalte der Website ordnungsgem\u00e4\u00df zu nutzen und sie nicht f\u00fcr folgende Zwecke zu verwenden:<\/p>\n\n<ul class=\"wp-block-list\">\n<li>sich an rechtswidrigen oder gegen den Grundsatz von Treu und Glauben versto\u00dfenden Handlungen beteiligen<\/li>\n\n\n\n<li>Sch\u00e4den an den physischen oder logischen Systemen der Website verursachen<\/li>\n\n\n\n<li>Einf\u00fchren von Viren oder jedem anderen System, das anf\u00e4llig daf\u00fcr ist, Sch\u00e4den zu verursachen<\/li>\n<\/ul>\n\n<p>Lurion Mallorca beh\u00e4lt sich das Recht vor, Inhalte zu entfernen oder den Zugriff zu sperren, falls ein Missbrauch festgestellt wird.<\/p>\n\n<hr class=\"wp-block-separator has-alpha-channel-opacity\"\/>\n\n<h2 class=\"wp-block-heading\">4. Geistiges Eigentum<\/h2>\n\n<p>Alle Inhalte dieser Website (Texte, Bilder, Design, Logos usw.) sind Eigentum von Lurion Mallorca oder unterliegen einer Nutzungslizenz; ihre Vervielf\u00e4ltigung ohne ausdr\u00fcckliche Genehmigung ist untersagt.<\/p>\n\n<hr class=\"wp-block-separator has-alpha-channel-opacity\"\/>\n\n<h2 class=\"wp-block-heading\">5. Haftung<\/h2>\n\n<p>Lurion Mallorca \u00fcbernimmt keine Haftung f\u00fcr:<\/p>\n\n<ul class=\"wp-block-list\">\n<li>M\u00f6gliche Fehler im Inhalt<\/li>\n\n\n\n<li>Technische St\u00f6rungen oder Ausf\u00e4lle der Website<\/li>\n\n\n\n<li>Missbrauch durch Nutzer<\/li>\n<\/ul>\n\n<hr class=\"wp-block-separator has-alpha-channel-opacity\"\/>\n\n<h2 class=\"wp-block-heading\">6. Externe Links<\/h2>\n\n<p>Diese Website kann Links zu Seiten Dritter enthalten. Lurion Mallorca no se responsabiliza del contenido ni de las pol\u00edticas de privacidad de dichas webs.<\/p>\n\n<hr class=\"wp-block-separator has-alpha-channel-opacity\"\/>\n\n<h2 class=\"wp-block-heading\">7. Anwendbares Recht<\/h2>\n\n<p>Die Beziehung zwischen dem Nutzer und dem Inhaber unterliegt den in Spanien geltenden Rechtsvorschriften.<\/p>\n","protected":false},"excerpt":{"rendered":"<p>1. Identifizierungsdaten In Erf\u00fcllung der in den geltenden Rechtsvorschriften festgelegten Informationspflicht wird darauf hingewiesen, dass diese Website Eigentum von: Mit dem Zugriff auf die Website und deren Nutzung gelten Sie als Nutzer und erkl\u00e4ren sich mit diesen Nutzungsbedingungen einverstanden. 2. Gegenstand Diese Website hat zum Ziel, Informationen \u00fcber a7&gt; Informationen \u00fcber die Erfahrungen und Dienstleistungen [&hellip;]<\/p>\n","protected":false},"author":1,"featured_media":0,"parent":0,"menu_order":0,"comment_status":"closed","ping_status":"closed","template":"","meta":{"inline_featured_image":false,"footnotes":""},"class_list":["post-395","page","type-page","status-publish","hentry"],"_links":{"self":[{"href":"https:\/\/www.lurionmallorca.com\/de\/wp-json\/wp\/v2\/pages\/395","targetHints":{"allow":["GET"]}}],"collection":[{"href":"https:\/\/www.lurionmallorca.com\/de\/wp-json\/wp\/v2\/pages"}],"about":[{"href":"https:\/\/www.lurionmallorca.com\/de\/wp-json\/wp\/v2\/types\/page"}],"author":[{"embeddable":true,"href":"https:\/\/www.lurionmallorca.com\/de\/wp-json\/wp\/v2\/users\/1"}],"replies":[{"embeddable":true,"href":"https:\/\/www.lurionmallorca.com\/de\/wp-json\/wp\/v2\/comments?post=395"}],"version-history":[{"count":1,"href":"https:\/\/www.lurionmallorca.com\/de\/wp-json\/wp\/v2\/pages\/395\/revisions"}],"predecessor-version":[{"id":396,"href":"https:\/\/www.lurionmallorca.com\/de\/wp-json\/wp\/v2\/pages\/395\/revisions\/396"}],"wp:attachment":[{"href":"https:\/\/www.lurionmallorca.com\/de\/wp-json\/wp\/v2\/media?parent=395"}],"curies":[{"name":"wp","href":"https:\/\/api.w.org\/{rel}","templated":true}]}}