{"id":386,"date":"2026-03-26T10:29:37","date_gmt":"2026-03-26T09:29:37","guid":{"rendered":"https:\/\/www.lurionmallorca.com\/ueber-uns\/"},"modified":"2026-04-21T15:55:46","modified_gmt":"2026-04-21T13:55:46","slug":"ueber-uns","status":"publish","type":"page","link":"https:\/\/www.lurionmallorca.com\/de\/ueber-uns\/","title":{"rendered":"\u00dcber uns"},"content":{"rendered":"\t\t<div data-elementor-type=\"wp-page\" data-elementor-id=\"386\" class=\"elementor elementor-386 elementor-66\" data-elementor-post-type=\"page\">\n\t\t\t\t<div class=\"elementor-element elementor-element-b464e35 e-flex e-con-boxed e-con e-parent\" data-id=\"b464e35\" data-element_type=\"container\" data-e-type=\"container\">\n\t\t\t\t\t<div class=\"e-con-inner\">\n\t\t\t\t<div class=\"elementor-element elementor-element-9e8ac4c elementor-widget elementor-widget-rw-page-hero\" data-id=\"9e8ac4c\" data-element_type=\"widget\" data-e-type=\"widget\" data-widget_type=\"rw-page-hero.default\">\n\t\t\t\t<div class=\"elementor-widget-container\">\n\t\t\t\t\t\t\t<section class=\"page-hero\" aria-labelledby=\"page-hero-title\">\n\n\t\t\t\t\t\t<div class=\"page-hero__bg\" aria-hidden=\"true\" style=\"background-image: url('https:\/\/www.lurionmallorca.com\/wp-content\/uploads\/2026\/03\/nosotros.png')\"><\/div>\n\t\t\t\n\t\t\t<div class=\"page-hero__grad\" aria-hidden=\"true\"><\/div>\n\n\t\t\t<div class=\"page-hero__content\">\n\n\t\t\t\t\t\t\t\t<span class=\"badge\">\n\t\t\t\t\t<svg class=\"badge__dot\" width=\"6\" height=\"6\" viewBox=\"0 0 6 6\"><circle cx=\"3\" cy=\"3\" r=\"3\" fill=\"#C7AE63\"\/><\/svg>\n\t\t\t\t\tWER WIR SIND\t\t\t\t<\/span>\n\t\t\t\t\n\t\t\t\t<h1 class=\"page-hero__title\" id=\"page-hero-title\">\n\t\t\t\t\tWIR SCHAFFEN EINZIGARTIGE ERLEBNISSE AUF MALLORCA\t\t\t\t<\/h1>\n\n\t\t\t\t\t\t\t\t<p class=\"page-hero__desc\">Bei Lurion Mallorca gestalten wir exklusive Erlebnisse, die es erm\u00f6glichen, die Insel aus einer ganz neuen Perspektive zu entdecken. Wir m\u00f6chten Ihnen unvergessliche Momente mit einem bis ins Detail durchdachten Service bieten.<\/p>\n\t\t\t\t\n\t\t\t<\/div>\n\n\t\t<\/section>\n\t\t\t\t\t\t<\/div>\n\t\t\t\t<\/div>\n\t\t\t\t\t<\/div>\n\t\t\t\t<\/div>\n\t\t<div class=\"elementor-element elementor-element-b495ddb e-flex e-con-boxed e-con e-parent\" data-id=\"b495ddb\" data-element_type=\"container\" data-e-type=\"container\">\n\t\t\t\t\t<div class=\"e-con-inner\">\n\t\t\t\t<div class=\"elementor-element elementor-element-70d2c22 elementor-widget elementor-widget-rw-features-grid\" data-id=\"70d2c22\" data-element_type=\"widget\" data-e-type=\"widget\" data-widget_type=\"rw-features-grid.default\">\n\t\t\t\t<div class=\"elementor-widget-container\">\n\t\t\t\t\t\t\t<section class=\"features-grid\">\n\t\t\t<div class=\"features-grid__inner\">\n\n\t\t\t\t<div class=\"features-grid__top\">\n\n\t\t\t\t\t<!-- Columna izquierda: 2 tarjetas -->\n\t\t\t\t\t<div class=\"features-grid__col\">\n\t\t\t\t\t\t\t\t\t\t\t\t<div class=\"features-grid__card\">\n\t\t\t\t\t\t\t\t\t\t\t\t\t\t<div class=\"features-grid__card-body\">\n\t\t\t\t\t\t\t\t\t\t\t\t\t\t\t\t<h2 class=\"features-grid__card-title\">Ausgew\u00e4hlte Erfahrungen<\/h2>\n\t\t\t\t\t\t\t\t\t\t\t\t\t\t\t\t\t\t\t\t\t\t\t\t<p class=\"features-grid__card-desc\">Wir w\u00e4hlen jedes Erlebnis sorgf\u00e4ltig aus, um Qualit\u00e4t, Exklusivit\u00e4t und unvergessliche Momente auf Mallorca zu garantieren.<\/p>\n\t\t\t\t\t\t\t\t\t\t\t\t\t\t\t<\/div>\n\t\t\t\t\t\t<\/div>\n\t\t\t\t\t\t\t\t\t\t\t\t<div class=\"features-grid__card\">\n\t\t\t\t\t\t\t\t\t\t\t\t\t\t<div class=\"features-grid__card-body\">\n\t\t\t\t\t\t\t\t\t\t\t\t\t\t\t\t<h2 class=\"features-grid__card-title\">Pers\u00f6nliche Betreuung<\/h2>\n\t\t\t\t\t\t\t\t\t\t\t\t\t\t\t\t\t\t\t\t\t\t\t\t<p class=\"features-grid__card-desc\">Jedes Erlebnis wird unter Ber\u00fccksichtigung der Vorlieben unserer Kunden gestaltet und bietet einen vollst\u00e4ndig ma\u00dfgeschneiderten Service.<\/p>\n\t\t\t\t\t\t\t\t\t\t\t\t\t\t\t<\/div>\n\t\t\t\t\t\t<\/div>\n\t\t\t\t\t\t\t\t\t\t\t<\/div>\n\n\t\t\t\t\t<!-- Imagen central -->\n\t\t\t\t\t<div class=\"features-grid__image\"\n\t\t\t\t\t\tstyle=\"background-image: url('https:\/\/www.lurionmallorca.com\/wp-content\/uploads\/2026\/03\/features.png')\"\t\t\t\t\t\taria-hidden=\"true\">\n\t\t\t\t\t\t<div class=\"features-grid__image-grad\"><\/div>\n\t\t\t\t\t<\/div>\n\n\t\t\t\t\t<!-- Columna derecha: 2 tarjetas -->\n\t\t\t\t\t<div class=\"features-grid__col\">\n\t\t\t\t\t\t\t\t\t\t\t\t<div class=\"features-grid__card\">\n\t\t\t\t\t\t\t\t\t\t\t\t\t\t<div class=\"features-grid__card-body\">\n\t\t\t\t\t\t\t\t\t\t\t\t\t\t\t\t<h2 class=\"features-grid__card-title\">Vertrauensw\u00fcrdige Partner<\/h2>\n\t\t\t\t\t\t\t\t\t\t\t\t\t\t\t\t\t\t\t\t\t\t\t\t<p class=\"features-grid__card-desc\">Wir arbeiten mit erstklassigen Anbietern und Fachleuten zusammen, um sichere und hochwertige Erlebnisse zu gew\u00e4hrleisten.<\/p>\n\t\t\t\t\t\t\t\t\t\t\t\t\t\t\t<\/div>\n\t\t\t\t\t\t<\/div>\n\t\t\t\t\t\t\t\t\t\t\t\t<div class=\"features-grid__card\">\n\t\t\t\t\t\t\t\t\t\t\t\t\t\t<div class=\"features-grid__card-body\">\n\t\t\t\t\t\t\t\t\t\t\t\t\t\t\t\t<h2 class=\"features-grid__card-title\">Sorgenfreie Organisation<\/h2>\n\t\t\t\t\t\t\t\t\t\t\t\t\t\t\t\t\t\t\t\t\t\t\t\t<p class=\"features-grid__card-desc\">Wir k\u00fcmmern uns um jedes Detail, damit du deinen Aufenthalt auf Mallorca einfach nur genie\u00dfen kannst.<\/p>\n\t\t\t\t\t\t\t\t\t\t\t\t\t\t\t<\/div>\n\t\t\t\t\t\t<\/div>\n\t\t\t\t\t\t\t\t\t\t\t<\/div>\n\n\t\t\t\t<\/div><!-- \/.features-grid__top -->\n\n\t\t\t\t\t\t\t\t<div class=\"features-grid__stats\">\n\t\t\t\t\t\t\t\t\t\t<div class=\"features-grid__stat\">\n\t\t\t\t\t\t\t\t\t\t\t\t<span class=\"features-grid__stat-number\">1200+<\/span>\n\t\t\t\t\t\t\t\t\t\t\t\t\t\t\t\t\t\t<span class=\"features-grid__stat-label\">Organisierte Erlebnisse<\/span>\n\t\t\t\t\t\t\t\t\t\t\t<\/div>\n\t\t\t\t\t\t\t\t\t\t<div class=\"features-grid__stat\">\n\t\t\t\t\t\t\t\t\t\t\t\t<span class=\"features-grid__stat-number\">50+<\/span>\n\t\t\t\t\t\t\t\t\t\t\t\t\t\t\t\t\t\t<span class=\"features-grid__stat-label\">Ausgew\u00e4hlte Partner<\/span>\n\t\t\t\t\t\t\t\t\t\t\t<\/div>\n\t\t\t\t\t\t\t\t\t\t<div class=\"features-grid__stat\">\n\t\t\t\t\t\t\t\t\t\t\t\t<span class=\"features-grid__stat-number\">98%<\/span>\n\t\t\t\t\t\t\t\t\t\t\t\t\t\t\t\t\t\t<span class=\"features-grid__stat-label\">Zufriedene Kunden<\/span>\n\t\t\t\t\t\t\t\t\t\t\t<\/div>\n\t\t\t\t\t\t\t\t\t\t<div class=\"features-grid__stat\">\n\t\t\t\t\t\t\t\t\t\t\t\t<span class=\"features-grid__stat-number\">24\/7<\/span>\n\t\t\t\t\t\t\t\t\t\t\t\t\t\t\t\t\t\t<span class=\"features-grid__stat-label\">Pers\u00f6nliche Betreuung<\/span>\n\t\t\t\t\t\t\t\t\t\t\t<\/div>\n\t\t\t\t\t\t\t\t\t<\/div>\n\t\t\t\t\n\t\t\t<\/div><!-- \/.features-grid__inner -->\n\t\t<\/section>\n\t\t\t\t\t\t<\/div>\n\t\t\t\t<\/div>\n\t\t\t\t\t<\/div>\n\t\t\t\t<\/div>\n\t\t<div class=\"elementor-element elementor-element-26231c3 e-flex e-con-boxed e-con e-parent\" data-id=\"26231c3\" data-element_type=\"container\" data-e-type=\"container\">\n\t\t\t\t\t<div class=\"e-con-inner\">\n\t\t\t\t<div class=\"elementor-element elementor-element-cd0a0eb elementor-widget elementor-widget-rw-why-us\" data-id=\"cd0a0eb\" data-element_type=\"widget\" data-e-type=\"widget\" data-widget_type=\"rw-why-us.default\">\n\t\t\t\t<div class=\"elementor-widget-container\">\n\t\t\t\t\t\t\t<section class=\"why-us\">\n\t\t\t<div class=\"why-us__inner\">\n\n\t\t\t\t<!-- Cabecera: badge + t\u00edtulo (izquierda) | descripci\u00f3n (derecha) -->\n\t\t\t\t<div class=\"why-us__header\">\n\n\t\t\t\t\t<div class=\"why-us__header-left\">\n\t\t\t\t\t\t\t\t\t\t\t\t<span class=\"badge\">\n\t\t\t\t\t\t\t<svg class=\"badge__dot\" width=\"6\" height=\"6\" viewBox=\"0 0 6 6\" fill=\"none\" xmlns=\"http:\/\/www.w3.org\/2000\/svg\"><circle cx=\"3\" cy=\"3\" r=\"3\" fill=\"#C7AE63\"\/><\/svg>\n\t\t\t\t\t\t\tWARUM SICH F\u00dcR UNS ENTSCHEIDEN\t\t\t\t\t\t<\/span>\n\t\t\t\t\t\t\t\t\t\t\t\t\t\t\t\t\t\t<h2 class=\"why-us__title\">Erlebnisse, die dazu einladen, Mallorca zu entdecken<\/h2>\n\t\t\t\t\t\t\t\t\t\t\t<\/div>\n\n\t\t\t\t\t\t\t\t\t\t<p class=\"why-us__header-desc\">Unser Ziel ist es, exklusive Erlebnisse anzubieten, die es erm\u00f6glichen, die Insel aus einzigartigen Perspektiven zu genie\u00dfen: aus der Luft, zu Lande und zu Wasser.<\/p>\n\t\t\t\t\t\n\t\t\t\t<\/div><!-- \/.why-us__header -->\n\n\t\t\t\t<!-- Cuadr\u00edcula 3\u00d72 de caracter\u00edsticas -->\n\t\t\t\t\t\t\t\t<div class=\"why-us__grid\">\n\t\t\t\t\t\t\t\t\t\t<div class=\"why-us__feature\">\n\t\t\t\t\t\t\t\t\t\t\t\t<div class=\"why-us__feature-body\">\n\t\t\t\t\t\t\t\t\t\t\t\t\t\t<h3 class=\"why-us__feature-title\">Einzigartige Erlebnisse<\/h3>\n\t\t\t\t\t\t\t\t\t\t\t\t\t\t\t\t\t\t\t\t\t<p class=\"why-us__feature-desc\">Eine sorgf\u00e4ltig zusammengestellte Auswahl einzigartiger Aktivit\u00e4ten, um Mallorca auf eine ganz neue Art zu entdecken.<\/p>\n\t\t\t\t\t\t\t\t\t\t\t\t\t<\/div>\n\t\t\t\t\t<\/div>\n\t\t\t\t\t\t\t\t\t\t<div class=\"why-us__feature\">\n\t\t\t\t\t\t\t\t\t\t\t\t<div class=\"why-us__feature-body\">\n\t\t\t\t\t\t\t\t\t\t\t\t\t\t<h3 class=\"why-us__feature-title\">Professionelles Team<\/h3>\n\t\t\t\t\t\t\t\t\t\t\t\t\t\t\t\t\t\t\t\t\t<p class=\"why-us__feature-desc\">Wir arbeiten zusammen mit lokalen Experten, die einen a7&gt; Service von hoher Qualit\u00e4t bei jeder Erfahrung.<\/p>\n\t\t\t\t\t\t\t\t\t\t\t\t\t<\/div>\n\t\t\t\t\t<\/div>\n\t\t\t\t\t\t\t\t\t\t<div class=\"why-us__feature\">\n\t\t\t\t\t\t\t\t\t\t\t\t<div class=\"why-us__feature-body\">\n\t\t\t\t\t\t\t\t\t\t\t\t\t\t<h3 class=\"why-us__feature-title\">Transparente Organisation<\/h3>\n\t\t\t\t\t\t\t\t\t\t\t\t\t\t\t\t\t\t\t\t\t<p class=\"why-us__feature-desc\">Jedes Erlebnis wird mit Klarheit, Liebe zum Detail und vollem Vertrauen organisiert.<\/p>\n\t\t\t\t\t\t\t\t\t\t\t\t\t<\/div>\n\t\t\t\t\t<\/div>\n\t\t\t\t\t\t\t\t\t\t<div class=\"why-us__feature\">\n\t\t\t\t\t\t\t\t\t\t\t\t<div class=\"why-us__feature-body\">\n\t\t\t\t\t\t\t\t\t\t\t\t\t\t<h3 class=\"why-us__feature-title\">Individuelle Betreuung<\/h3>\n\t\t\t\t\t\t\t\t\t\t\t\t\t\t\t\t\t\t\t\t\t<p class=\"why-us__feature-desc\">Unser Team begleitet dich w\u00e4hrend des gesamten Prozesses a7&gt; Prozess begleitet Sie um ein perfektes Erlebnis zu gew\u00e4hrleisten.<\/p>\n\t\t\t\t\t\t\t\t\t\t\t\t\t<\/div>\n\t\t\t\t\t<\/div>\n\t\t\t\t\t\t\t\t\t\t<div class=\"why-us__feature\">\n\t\t\t\t\t\t\t\t\t\t\t\t<div class=\"why-us__feature-body\">\n\t\t\t\t\t\t\t\t\t\t\t\t\t\t<h3 class=\"why-us__feature-title\">Sicherheit und Qualit\u00e4t<\/h3>\n\t\t\t\t\t\t\t\t\t\t\t\t\t\t\t\t\t\t\t\t\t<p class=\"why-us__feature-desc\">Wir arbeiten ausschlie\u00dflich mit Lieferanten zusammen, die den h\u00f6chsten Standards entsprechen.<\/p>\n\t\t\t\t\t\t\t\t\t\t\t\t\t<\/div>\n\t\t\t\t\t<\/div>\n\t\t\t\t\t\t\t\t\t\t<div class=\"why-us__feature\">\n\t\t\t\t\t\t\t\t\t\t\t\t<div class=\"why-us__feature-body\">\n\t\t\t\t\t\t\t\t\t\t\t\t\t\t<h3 class=\"why-us__feature-title\">Unvergessliche Erlebnisse<\/h3>\n\t\t\t\t\t\t\t\t\t\t\t\t\t\t\t\t\t\t\t\t\t<p class=\"why-us__feature-desc\">Unser Ziel ist es, Momente zu schaffen, die zu unvergesslichen Erinnerungen werden.<\/p>\n\t\t\t\t\t\t\t\t\t\t\t\t\t<\/div>\n\t\t\t\t\t<\/div>\n\t\t\t\t\t\t\t\t\t<\/div>\n\t\t\t\t\n\t\t\t<\/div><!-- \/.why-us__inner -->\n\t\t<\/section>\n\t\t\t\t\t\t<\/div>\n\t\t\t\t<\/div>\n\t\t\t\t\t<\/div>\n\t\t\t\t<\/div>\n\t\t<div class=\"elementor-element elementor-element-91b9991 e-flex e-con-boxed e-con e-parent\" data-id=\"91b9991\" data-element_type=\"container\" data-e-type=\"container\">\n\t\t\t\t\t<div class=\"e-con-inner\">\n\t\t\t\t<div class=\"elementor-element elementor-element-46a57e2 elementor-widget elementor-widget-rw-testimonial-image\" data-id=\"46a57e2\" data-element_type=\"widget\" data-e-type=\"widget\" data-widget_type=\"rw-testimonial-image.default\">\n\t\t\t\t<div class=\"elementor-widget-container\">\n\t\t\t\t\t\t\t<section class=\"testimonial-img\">\n\t\t\t<div class=\"testimonial-img__inner\">\n\n\t\t\t\t<!-- Columna imagen -->\n\t\t\t\t<div class=\"testimonial-img__media\"\n\t\t\t\t\tstyle=\"background-image: url('https:\/\/www.lurionmallorca.com\/wp-content\/uploads\/2026\/03\/testimonios.png')\">\n\n\t\t\t\t\t<!-- Gradiente derecha: imagen \u2192 fondo -->\n\t\t\t\t\t<div class=\"testimonial-img__grad testimonial-img__grad--right\" aria-hidden=\"true\"><\/div>\n\t\t\t\t\t<!-- Gradiente superior: fondo \u2192 transparente -->\n\t\t\t\t\t<div class=\"testimonial-img__grad testimonial-img__grad--top\"   aria-hidden=\"true\"><\/div>\n\t\t\t\t\t<!-- Gradiente inferior: transparente \u2192 fondo -->\n\t\t\t\t\t<div class=\"testimonial-img__grad testimonial-img__grad--bottom\" aria-hidden=\"true\"><\/div>\n\n\t\t\t\t\t<!-- Autor en hover (se revela al pasar el cursor) -->\n\t\t\t\t\t\n\t\t\t\t<\/div><!-- \/.testimonial-img__media -->\n\n\t\t\t\t<!-- Columna cita -->\n\t\t\t\t<div class=\"testimonial-img__quote\">\n\n\t\t\t\t\t<!-- Icono comillas -->\n\t\t\t\t\t<div class=\"testimonial-img__quote-icon\" aria-hidden=\"true\">\n\t\t\t\t\t\t\t\t\t\t\t\t<svg width=\"24\" height=\"19\" viewBox=\"0 0 24 19\" fill=\"none\" xmlns=\"http:\/\/www.w3.org\/2000\/svg\">\n\t\t\t\t\t\t\t<path d=\"M0 18.42V5.56C0 2.48 1.99 0.74 5.97 0.44L7.3 2.3C5.51 2.5 4.38 3.19 3.89 4.38H6.94V18.42H0ZM11.06 18.42V5.56C11.06 2.48 13.05 0.74 17.03 0.44L18.36 2.3C16.57 2.5 15.44 3.19 14.95 4.38H18V18.42H11.06Z\" fill=\"#FAFAFA\"\/>\n\t\t\t\t\t\t<\/svg>\n\t\t\t\t\t\t\t\t\t\t\t<\/div>\n\n\t\t\t\t\t\t\t\t\t\t<blockquote class=\"testimonial-img__quote-text\">\n\t\t\t\t\t\t&quot;Ein unvergessliches Erlebnis um Mallorca a5&gt; Mallorca aus einer v\u00f6llig anderen Perspektive. Alles war perfekt organisiert und der Service war tadellos.&quot;\t\t\t\t\t<\/blockquote>\n\t\t\t\t\t\n\t\t\t\t\t\t\t\t\t\t<p class=\"testimonial-img__quote-author\">Tom\u00e1s Serra<\/p>\n\t\t\t\t\t\n\t\t\t\t<\/div><!-- \/.testimonial-img__quote -->\n\n\t\t\t<\/div><!-- \/.testimonial-img__inner -->\n\t\t<\/section>\n\t\t\t\t\t\t<\/div>\n\t\t\t\t<\/div>\n\t\t\t\t<div class=\"elementor-element elementor-element-50bc728 elementor-widget elementor-widget-rw-cta-banner\" data-id=\"50bc728\" data-element_type=\"widget\" data-e-type=\"widget\" data-widget_type=\"rw-cta-banner.default\">\n\t\t\t\t<div class=\"elementor-widget-container\">\n\t\t\t\t\t\t\t<section class=\"cta-banner\" aria-labelledby=\"cta-banner-title\">\n\n\t\t\t\t\t\t<div class=\"cta-banner__bg\" aria-hidden=\"true\" style=\"background-image: url('https:\/\/www.lurionmallorca.com\/wp-content\/uploads\/2026\/03\/cta.png');\"><\/div>\n\t\t\t\n\t\t\t<div class=\"cta-banner__grad-top\" aria-hidden=\"true\"><\/div>\n\t\t\t<div class=\"cta-banner__grad-bottom\" aria-hidden=\"true\"><\/div>\n\n\t\t\t<div class=\"cta-banner__content\">\n\t\t\t\t<h2 class=\"cta-banner__title\" id=\"cta-banner-title\">\n\t\t\t\t\tBeginne mit der Planung<br \/>\ndeines Urlaubs auf Mallorca\t\t\t\t<\/h2>\n\t\t\t\t\t\t\t\t<p class=\"cta-banner__desc\">Teilen Sie uns mit, welche Art von Erlebnis Sie suchen, und unser Team erstellt Ihnen ein individuelles Angebot.<\/p>\n\t\t\t\t\t\t\t\t\t\t\t\t<a href=\"\" class=\"btn btn--white\">\n\t\t\t\t\tKontaktieren jetzt\t\t\t\t<\/a>\n\t\t\t\t\t\t\t<\/div>\n\n\t\t<\/section>\n\t\t\t\t\t\t<\/div>\n\t\t\t\t<\/div>\n\t\t\t\t\t<\/div>\n\t\t\t\t<\/div>\n\t\t\t\t<\/div>\n\t\t","protected":false},"excerpt":{"rendered":"<p>WER WIR SIND WIR SCHAFFEN EINZIGARTIGE ERLEBNISSE AUF MALLORCA Bei Lurion Mallorca gestalten wir exklusive Erlebnisse, die es erm\u00f6glichen, die Insel aus einer ganz neuen Perspektive zu entdecken. Wir m\u00f6chten Ihnen unvergessliche Momente mit einem bis ins Detail durchdachten Service bieten. Ausgew\u00e4hlte Erfahrungen Wir w\u00e4hlen jedes Erlebnis sorgf\u00e4ltig aus, um Qualit\u00e4t, Exklusivit\u00e4t und unvergessliche Momente [&hellip;]<\/p>\n","protected":false},"author":1,"featured_media":0,"parent":0,"menu_order":0,"comment_status":"closed","ping_status":"closed","template":"","meta":{"inline_featured_image":false,"footnotes":""},"class_list":["post-386","page","type-page","status-publish","hentry"],"_links":{"self":[{"href":"https:\/\/www.lurionmallorca.com\/de\/wp-json\/wp\/v2\/pages\/386","targetHints":{"allow":["GET"]}}],"collection":[{"href":"https:\/\/www.lurionmallorca.com\/de\/wp-json\/wp\/v2\/pages"}],"about":[{"href":"https:\/\/www.lurionmallorca.com\/de\/wp-json\/wp\/v2\/types\/page"}],"author":[{"embeddable":true,"href":"https:\/\/www.lurionmallorca.com\/de\/wp-json\/wp\/v2\/users\/1"}],"replies":[{"embeddable":true,"href":"https:\/\/www.lurionmallorca.com\/de\/wp-json\/wp\/v2\/comments?post=386"}],"version-history":[{"count":4,"href":"https:\/\/www.lurionmallorca.com\/de\/wp-json\/wp\/v2\/pages\/386\/revisions"}],"predecessor-version":[{"id":602,"href":"https:\/\/www.lurionmallorca.com\/de\/wp-json\/wp\/v2\/pages\/386\/revisions\/602"}],"wp:attachment":[{"href":"https:\/\/www.lurionmallorca.com\/de\/wp-json\/wp\/v2\/media?parent=386"}],"curies":[{"name":"wp","href":"https:\/\/api.w.org\/{rel}","templated":true}]}}